{"id":17618,"date":"2018-01-31T15:20:49","date_gmt":"2018-01-31T12:20:49","guid":{"rendered":"https:\/\/socratesoil.gr\/premium\/"},"modified":"2024-10-07T15:44:47","modified_gmt":"2024-10-07T12:44:47","slug":"premium","status":"publish","type":"page","link":"https:\/\/socratesoil.gr\/fr\/premium\/","title":{"rendered":"Premium"},"content":{"rendered":"<div class=\"wpb-content-wrapper\"><p>[vc_row css_animation=\u00a0\u00bb\u00a0\u00bb row_type=\u00a0\u00bbrow\u00a0\u00bb use_row_as_full_screen_section=\u00a0\u00bbno\u00a0\u00bb type=\u00a0\u00bbfull_width\u00a0\u00bb angled_section=\u00a0\u00bbno\u00a0\u00bb text_align=\u00a0\u00bbleft\u00a0\u00bb background_image_as_pattern=\u00a0\u00bbwithout_pattern\u00a0\u00bb z_index=\u00a0\u00bb6&Prime;][vc_column offset=\u00a0\u00bbvc_hidden-lg vc_hidden-md vc_hidden-sm vc_hidden-xs\u00a0\u00bb][qode_elements_holder number_of_columns=\u00a0\u00bbtwo_columns\u00a0\u00bb][qode_elements_holder_item item_padding=\u00a0\u00bb133px 0px 135px 62%\u00a0\u00bb vertical_alignment=\u00a0\u00bbtop\u00a0\u00bb advanced_animations=\u00a0\u00bbno\u00a0\u00bb item_padding_1024_1280=\u00a0\u00bb133px 0px 135px 58%\u00a0\u00bb item_padding_480_600=\u00a0\u00bb133px 0px 135px 23%\u00a0\u00bb item_padding_480=\u00a0\u00bb133px 0px 135px 23%\u00a0\u00bb]<div class='q_icon_with_title tiny custom_icon_image left_from_title '><div class=\"icon_text_holder\" style=\"\"><div class=\"icon_text_inner\" style=\"\"><div class=\"icon_title_holder\"><div class=\"icon_holder \" style=\" \"><img decoding=\"async\" itemprop=\"image\" style=\"\" src=\"https:\/\/socratesoil.gr\/wp-content\/uploads\/2018\/01\/separator.png\" alt=\"s\"><\/div><h3 class=\"icon_title\" style=\"color: #0d0d0d;\">socrates premium<\/h3><\/div><p style=''><\/p><\/div><\/div><\/div>[vc_separator type=\u00a0\u00bbtransparent\u00a0\u00bb up=\u00a0\u00bb-37&Prime;][vc_column_text]<\/p>\n<h2>particuliers ,<\/h2>\n<h2>ar\u00f4mes<\/h2>\n<p>[\/vc_column_text][\/qode_elements_holder_item][qode_elements_holder_item background_image=\u00a0\u00bb15766&Prime; item_padding=\u00a0\u00bb134px 0px 136px 65%\u00a0\u00bb vertical_alignment=\u00a0\u00bbtop\u00a0\u00bb advanced_animations=\u00a0\u00bbno\u00a0\u00bb item_padding_480_600=\u00a0\u00bb134px 0px 136px 27%\u00a0\u00bb item_padding_480=\u00a0\u00bb134px 0px 136px 27%\u00a0\u00bb]<div class='q_icon_with_title tiny custom_icon_image left_from_title '><div class=\"icon_text_holder\" style=\"\"><div class=\"icon_text_inner\" style=\"\"><div class=\"icon_title_holder\"><div class=\"icon_holder \" style=\" \"><img decoding=\"async\" itemprop=\"image\" style=\"\" src=\"https:\/\/socratesoil.gr\/wp-content\/uploads\/2018\/01\/separator-2.png\" alt=\"s\"><\/div><h3 class=\"icon_title\" style=\"color: #000000;\">socrates premium<\/h3><\/div><p style=''><\/p><\/div><\/div><\/div>[vc_separator type=\u00a0\u00bbtransparent\u00a0\u00bb up=\u00a0\u00bb-37&Prime;][vc_column_text]<\/p>\n<h2><span style=\"color: #000000;\">Qualit\u00e9<\/span><\/h2>\n<h2><span style=\"color: #000000;\">Huile d\u2019olive<\/span><\/h2>\n<p>[\/vc_column_text][\/qode_elements_holder_item][\/qode_elements_holder][\/vc_column][\/vc_row][vc_row css_animation=\u00a0\u00bb\u00a0\u00bb row_type=\u00a0\u00bbrow\u00a0\u00bb use_row_as_full_screen_section=\u00a0\u00bbno\u00a0\u00bb type=\u00a0\u00bbfull_width\u00a0\u00bb angled_section=\u00a0\u00bbno\u00a0\u00bb text_align=\u00a0\u00bbleft\u00a0\u00bb background_image_as_pattern=\u00a0\u00bbwithout_pattern\u00a0\u00bb css=\u00a0\u00bb.vc_custom_1548065449491{background-position: center !important;background-repeat: no-repeat !important;background-size: cover !important;}\u00a0\u00bb z_index=\u00a0\u00bb5&Prime;][vc_column][vc_row_inner row_type=\u00a0\u00bbrow\u00a0\u00bb type=\u00a0\u00bbfull_width\u00a0\u00bb text_align=\u00a0\u00bbleft\u00a0\u00bb padding_bottom=\u00a0\u00bb69&Prime; css_animation=\u00a0\u00bb\u00a0\u00bb][vc_column_inner offset=\u00a0\u00bbvc_col-md-6&Prime;][qode_elements_holder number_of_columns=\u00a0\u00bbone_column\u00a0\u00bb][qode_elements_holder_item item_padding=\u00a0\u00bb135px 0px 0 30px\u00a0\u00bb advanced_animations=\u00a0\u00bbno\u00a0\u00bb item_padding_768_1024=\u00a0\u00bb0 0 0 0&Prime; item_padding_480_600=\u00a0\u00bb24px 0px 0 0px\u00a0\u00bb item_padding_480=\u00a0\u00bb24px 0px 0 0px\u00a0\u00bb][vc_single_image image=\u00a0\u00bb15814&Prime; img_size=\u00a0\u00bbfull\u00a0\u00bb alignment=\u00a0\u00bbcenter\u00a0\u00bb qode_css_animation=\u00a0\u00bb\u00a0\u00bb][\/qode_elements_holder_item][\/qode_elements_holder][\/vc_column_inner][vc_column_inner offset=\u00a0\u00bbvc_col-md-6&Prime;][qode_elements_holder number_of_columns=\u00a0\u00bbone_column\u00a0\u00bb][qode_elements_holder_item item_padding=\u00a0\u00bb202px 0 0 0px\u00a0\u00bb advanced_animations=\u00a0\u00bbno\u00a0\u00bb item_padding_1280_1440=\u00a0\u00bb40px 0 0 0px\u00a0\u00bb item_padding_768_1024=\u00a0\u00bb20px 0 0 0&Prime; item_padding_600_768=\u00a0\u00bb20px 0 0 28px\u00a0\u00bb][vc_column_text]<\/p>\n<h1 class=\"title-with-separator\">Huile d\u2019olive unique r\u00e9colte pr\u00e9coce<\/h1>\n<p>&nbsp;<\/p>\n<h3 style=\"color: #7f7044; padding-left: 150px; font-size: 30px;\">de l\u2019oliveraie traditionnelle de Delphes Notre Premium huile d\u2019olive<\/h3>\n<p>[\/vc_column_text][vc_empty_space height=\u00a0\u00bb30px\u00a0\u00bb][\/qode_elements_holder_item][\/qode_elements_holder][qode_elements_holder number_of_columns=\u00a0\u00bbone_column\u00a0\u00bb][qode_elements_holder_item item_padding=\u00a0\u00bb0 0 0 155px\u00a0\u00bb advanced_animations=\u00a0\u00bbno\u00a0\u00bb item_padding_768_1024=\u00a0\u00bb0 70px 0 153px\u00a0\u00bb item_padding_600_768=\u00a0\u00bb0 0px 0 182px\u00a0\u00bb item_padding_480_600=\u00a0\u00bb0 48px 0 162px\u00a0\u00bb item_padding_480=\u00a0\u00bb0 48px 0 162px\u00a0\u00bb][vc_column_text]<\/p>\n<p style=\"font-size: 15px; color: #000000;\">SOCRATES a trouv\u00e9 son premium bouteille.<\/p>\n<p style=\"font-size: 15px; color: #000000;\">Huile d\u2019olive unique, r\u00e9colte pr\u00e9coce, avec une acidit\u00e9 &lt; de l\u2019oliveraie traditionnelle de Delphes.<\/p>\n<p style=\"font-size: 15px; color: #000000;\">Pression \u00e0 25 \u00b0 C, non filtr\u00e9e.<\/p>\n<p style=\"font-size: 15px; color: #000000;\">Ar\u00f4mes particuliers, avec un arri\u00e8re-go\u00fbt intense, pour les amateurs d\u2019huile d\u2019olive de qualit\u00e9.<\/p>\n<p style=\"font-size: 15px; color: #000000;\">Un cadeau unique \u2026. du centre de la terre.<\/p>\n<p style=\"font-size: 15px; color: #000000;\">Essayez-le.<\/p>\n<p>[\/vc_column_text][vc_empty_space height=\u00a0\u00bb39px\u00a0\u00bb][vc_single_image image=\u00a0\u00bb15752&Prime; img_size=\u00a0\u00bbfull\u00a0\u00bb qode_css_animation=\u00a0\u00bb\u00a0\u00bb][\/qode_elements_holder_item][\/qode_elements_holder][\/vc_column_inner][\/vc_row_inner][vc_row_inner row_type=\u00a0\u00bbrow\u00a0\u00bb type=\u00a0\u00bbgrid\u00a0\u00bb text_align=\u00a0\u00bbleft\u00a0\u00bb css_animation=\u00a0\u00bb\u00a0\u00bb css=\u00a0\u00bb.vc_custom_1549088392930{padding-top: 65px !important;}\u00a0\u00bb][vc_column_inner offset=\u00a0\u00bbvc_col-lg-12 vc_col-md-12&Prime;][vc_column_text]<\/p>\n<h1 style=\"text-align: center;\">Analyse des ar\u00f4mes d\u2019huile d\u2019olive<\/h1>\n<p>[\/vc_column_text][vc_empty_space css=\u00a0\u00bb.vc_custom_1549430638693{margin-top: -33px !important;}\u00a0\u00bb][\/vc_column_inner][\/vc_row_inner][vc_row_inner row_type=\u00a0\u00bbrow\u00a0\u00bb type=\u00a0\u00bbgrid\u00a0\u00bb text_align=\u00a0\u00bbleft\u00a0\u00bb css_animation=\u00a0\u00bb\u00a0\u00bb css=\u00a0\u00bb.vc_custom_1549088392930{padding-top: 65px !important;}\u00a0\u00bb][vc_column_inner offset=\u00a0\u00bbvc_col-lg-3 vc_col-md-6&Prime;][vc_single_image image=\u00a0\u00bb15866&Prime; img_size=\u00a0\u00bbfull\u00a0\u00bb qode_css_animation=\u00a0\u00bbelement_from_left\u00a0\u00bb][vc_empty_space css=\u00a0\u00bb.vc_custom_1549430638693{margin-top: -33px !important;}\u00a0\u00bb][vc_empty_space height=\u00a0\u00bb26px\u00a0\u00bb css=\u00a0\u00bb.vc_custom_1549444960154{margin-top: -33px !important;}\u00a0\u00bb][vc_column_text]<\/p>\n<h2 style=\"text-align: center;\"><span style=\"color: #000000; font-size: 22px; line-height: 24px;\">Fleurs 70%<\/span><\/h2>\n<p>[\/vc_column_text][vc_empty_space height=\u00a0\u00bb30px\u00a0\u00bb][\/vc_column_inner][vc_column_inner offset=\u00a0\u00bbvc_col-lg-3 vc_col-md-6&Prime;][vc_single_image image=\u00a0\u00bb15870&Prime; img_size=\u00a0\u00bbfull\u00a0\u00bb qode_css_animation=\u00a0\u00bbelement_from_bottom\u00a0\u00bb][vc_empty_space css=\u00a0\u00bb.vc_custom_1549430638693{margin-top: -33px !important;}\u00a0\u00bb][vc_empty_space height=\u00a0\u00bb26px\u00a0\u00bb css=\u00a0\u00bb.vc_custom_1549444960154{margin-top: -33px !important;}\u00a0\u00bb][vc_column_text]<\/p>\n<h2 style=\"text-align: center;\"><span style=\"color: #000000; font-size: 22px; line-height: 24px;\">Chamomille 60%<\/span><\/h2>\n<p>[\/vc_column_text][vc_empty_space height=\u00a0\u00bb30px\u00a0\u00bb][\/vc_column_inner][vc_column_inner offset=\u00a0\u00bbvc_col-lg-3 vc_col-md-6&Prime;][vc_single_image image=\u00a0\u00bb15871&Prime; img_size=\u00a0\u00bbfull\u00a0\u00bb qode_css_animation=\u00a0\u00bbelement_from_bottom\u00a0\u00bb][vc_empty_space css=\u00a0\u00bb.vc_custom_1549430638693{margin-top: -33px !important;}\u00a0\u00bb][vc_empty_space height=\u00a0\u00bb26px\u00a0\u00bb css=\u00a0\u00bb.vc_custom_1549444960154{margin-top: -33px !important;}\u00a0\u00bb][vc_column_text]<\/p>\n<h2 style=\"text-align: center;\"><span style=\"color: #000000; font-size: 22px; line-height: 24px;\">Herbes 40%<\/span><\/h2>\n<p>[\/vc_column_text][vc_empty_space height=\u00a0\u00bb30px\u00a0\u00bb]<a  itemprop=\"url\" href=\"https:\/\/socratesoil.gr\/wp-content\/uploads\/2019\/02\/socratesoil_premium_analysis.pdf\" target=\"_blank\"  class=\"qbutton  big_large default\" style=\"\">ANALYSE CHIMIQUE<i class=\"qode_icon_font_awesome fa fa-file-pdf-o qode_button_icon_element\" style=\"\" ><\/i><\/a>[vc_empty_space height=\u00a0\u00bb12px\u00a0\u00bb][\/vc_column_inner][vc_column_inner offset=\u00a0\u00bbvc_col-lg-3 vc_col-md-6&Prime;][vc_single_image image=\u00a0\u00bb15869&Prime; img_size=\u00a0\u00bbfull\u00a0\u00bb qode_css_animation=\u00a0\u00bbelement_from_right\u00a0\u00bb][vc_empty_space css=\u00a0\u00bb.vc_custom_1549430638693{margin-top: -33px !important;}\u00a0\u00bb][vc_empty_space height=\u00a0\u00bb26px\u00a0\u00bb css=\u00a0\u00bb.vc_custom_1549444960154{margin-top: -33px !important;}\u00a0\u00bb][vc_column_text]<\/p>\n<h2 style=\"text-align: center;\"><span style=\"color: #000000; font-size: 22px; line-height: 24px;\">Fruits m\u00fbrs 40%<\/span><\/h2>\n<p>[\/vc_column_text][vc_empty_space height=\u00a0\u00bb30px\u00a0\u00bb]<a  itemprop=\"url\" href=\"https:\/\/socratesoil.gr\/wp-content\/uploads\/2019\/02\/socratesoil_premium_table_Gr.pdf\" target=\"_blank\"  class=\"qbutton  big_large default\" style=\"\">TABLE AR\u00d4MES<i class=\"qode_icon_font_awesome fa fa-file-pdf-o qode_button_icon_element\" style=\"\" ><\/i><\/a>[\/vc_column_inner][\/vc_row_inner][vc_row_inner row_type=\u00a0\u00bbrow\u00a0\u00bb type=\u00a0\u00bbgrid\u00a0\u00bb text_align=\u00a0\u00bbleft\u00a0\u00bb css_animation=\u00a0\u00bb\u00a0\u00bb css=\u00a0\u00bb.vc_custom_1549088401065{padding-top: 4% !important;padding-bottom: 200px !important;background-position: center !important;background-repeat: no-repeat !important;background-size: cover !important;}\u00a0\u00bb el_class=\u00a0\u00bbgirl\u00a0\u00bb][vc_column_inner offset=\u00a0\u00bbvc_col-md-6&Prime;][qode_elements_holder number_of_columns=\u00a0\u00bbone_column\u00a0\u00bb][qode_elements_holder_item item_padding=\u00a0\u00bb115px 70px 0px 0px\u00a0\u00bb advanced_animations=\u00a0\u00bbno\u00a0\u00bb item_padding_600_768=\u00a0\u00bb115px 70px 50px 0px\u00a0\u00bb item_padding_480_600=\u00a0\u00bb0px 0px 50px 0px\u00a0\u00bb item_padding_480=\u00a0\u00bb0px 0px 50px 0px\u00a0\u00bb][vc_single_image image=\u00a0\u00bb15857&Prime; img_size=\u00a0\u00bblarge\u00a0\u00bb onclick=\u00a0\u00bblink_image\u00a0\u00bb qode_css_animation=\u00a0\u00bb\u00a0\u00bb][vc_empty_space height=\u00a0\u00bb12px\u00a0\u00bb][\/qode_elements_holder_item][\/qode_elements_holder][\/vc_column_inner][vc_column_inner offset=\u00a0\u00bbvc_col-md-6&Prime;][qode_elements_holder number_of_columns=\u00a0\u00bbone_column\u00a0\u00bb][qode_elements_holder_item item_padding=\u00a0\u00bb135px 0 135px 0&Prime; vertical_alignment=\u00a0\u00bbmiddle\u00a0\u00bb horizontal_alignment=\u00a0\u00bbcenter\u00a0\u00bb advanced_animations=\u00a0\u00bbno\u00a0\u00bb]<div class=\"qode-advanced-image-gallery  qode-aig-slider-type qode-no-space   \">\n\t<div class=\"qode-aig-slider qode-owl-slider\" data-number-of-items=\"1\" data-enable-loop=\"yes\" data-enable-autoplay=\"yes\" data-slider-speed=\"5000\" data-slider-speed-animation=\"600\" data-slider-padding=\"no\" data-enable-navigation=\"yes\" data-enable-pagination=\"yes\">\n\t\t\t\t\t<div class=\"qode-aig-image\">\n\t\t\t\t\t\t\t\t\t<img loading=\"lazy\" decoding=\"async\" width=\"635\" height=\"402\" src=\"https:\/\/socratesoil.gr\/wp-content\/uploads\/2019\/02\/socratesoil_premium_gallery_01.jpg\" class=\"attachment-full size-full\" alt=\"\" srcset=\"https:\/\/socratesoil.gr\/wp-content\/uploads\/2019\/02\/socratesoil_premium_gallery_01.jpg 635w, https:\/\/socratesoil.gr\/wp-content\/uploads\/2019\/02\/socratesoil_premium_gallery_01-300x190.jpg 300w\" sizes=\"auto, (max-width: 635px) 100vw, 635px\" \/>\t\t\t\t\t<span class=\"aig-gallery-hover\">\n\t\t\t\t\t\t\t\t\t\t\t<\/span>\n\t\t\t\t\t\t\t<\/div>\n\t\t\t\t\t\t\t\t<div class=\"qode-aig-image\">\n\t\t\t\t\t\t\t\t\t<img loading=\"lazy\" decoding=\"async\" width=\"635\" height=\"402\" src=\"https:\/\/socratesoil.gr\/wp-content\/uploads\/2019\/02\/socratesoil_premium_gallery_06.jpg\" class=\"attachment-full size-full\" alt=\"\" srcset=\"https:\/\/socratesoil.gr\/wp-content\/uploads\/2019\/02\/socratesoil_premium_gallery_06.jpg 635w, https:\/\/socratesoil.gr\/wp-content\/uploads\/2019\/02\/socratesoil_premium_gallery_06-300x190.jpg 300w\" sizes=\"auto, (max-width: 635px) 100vw, 635px\" \/>\t\t\t\t\t<span class=\"aig-gallery-hover\">\n\t\t\t\t\t\t\t\t\t\t\t<\/span>\n\t\t\t\t\t\t\t<\/div>\n\t\t\t\t\t\t\t\t<div class=\"qode-aig-image\">\n\t\t\t\t\t\t\t\t\t<img loading=\"lazy\" decoding=\"async\" width=\"635\" height=\"402\" src=\"https:\/\/socratesoil.gr\/wp-content\/uploads\/2019\/02\/socratesoil_premium_gallery_05.jpg\" class=\"attachment-full size-full\" alt=\"\" srcset=\"https:\/\/socratesoil.gr\/wp-content\/uploads\/2019\/02\/socratesoil_premium_gallery_05.jpg 635w, https:\/\/socratesoil.gr\/wp-content\/uploads\/2019\/02\/socratesoil_premium_gallery_05-300x190.jpg 300w\" sizes=\"auto, (max-width: 635px) 100vw, 635px\" \/>\t\t\t\t\t<span class=\"aig-gallery-hover\">\n\t\t\t\t\t\t\t\t\t\t\t<\/span>\n\t\t\t\t\t\t\t<\/div>\n\t\t\t\t\t\t<\/div>\n<\/div>[\/qode_elements_holder_item][\/qode_elements_holder][qode_elements_holder number_of_columns=\u00a0\u00bbone_column\u00a0\u00bb][qode_elements_holder_item item_padding=\u00a0\u00bb37px 0 0 105px\u00a0\u00bb advanced_animations=\u00a0\u00bbno\u00a0\u00bb item_padding_480_600=\u00a0\u00bb37px 0 0 18px\u00a0\u00bb item_padding_480=\u00a0\u00bb37px 0 0 18px\u00a0\u00bb]<div class='q_icon_with_title tiny custom_icon_image left_from_title '><div class=\"icon_text_holder\" style=\"\"><div class=\"icon_text_inner\" style=\"\"><div class=\"icon_title_holder\"><div class=\"icon_holder \" style=\" \"><img decoding=\"async\" itemprop=\"image\" style=\"\" src=\"https:\/\/socratesoil.gr\/wp-content\/uploads\/2018\/01\/separator.png\" alt=\"s\"><\/div><h3 class=\"icon_title\" style=\"color: #000000;\">video<\/h3><\/div><p style=''><\/p><\/div><\/div><\/div>[vc_empty_space height=\u00a0\u00bb7px\u00a0\u00bb css=\u00a0\u00bb.vc_custom_1517563908201{margin-top: -33px !important;}\u00a0\u00bb][vc_column_text]<\/p>\n<h2><span style=\"color: #000000; font-size: 22px;\">Officiel<\/span><\/h2>\n<p>[\/vc_column_text][vc_empty_space height=\u00a0\u00bb16px\u00a0\u00bb]<a  itemprop=\"url\" href=\"https:\/\/www.youtube.com\/watch?v=oeIlAtTKFewapp=desktop\" target=\"_blank\"  class=\"qbutton  big_large default\" style=\"\">PR\u00c9SENTATION YOUTUBE<i class=\"qode_icon_font_awesome fa fa-youtube-play qode_button_icon_element\" style=\"\" ><\/i><\/a>[\/qode_elements_holder_item][\/qode_elements_holder][\/vc_column_inner][\/vc_row_inner][\/vc_column][\/vc_row]<\/p>\n<\/div>","protected":false},"excerpt":{"rendered":"<p>[vc_row css_animation=\u00a0\u00bb\u00a0\u00bb row_type=\u00a0\u00bbrow\u00a0\u00bb use_row_as_full_screen_section=\u00a0\u00bbno\u00a0\u00bb type=\u00a0\u00bbfull_width\u00a0\u00bb angled_section=\u00a0\u00bbno\u00a0\u00bb text_align=\u00a0\u00bbleft\u00a0\u00bb background_image_as_pattern=\u00a0\u00bbwithout_pattern\u00a0\u00bb z_index=\u00a0\u00bb6&Prime;][vc_column offset=\u00a0\u00bbvc_hidden-lg vc_hidden-md vc_hidden-sm vc_hidden-xs\u00a0\u00bb][qode_elements_holder number_of_columns=\u00a0\u00bbtwo_columns\u00a0\u00bb][qode_elements_holder_item item_padding=\u00a0\u00bb133px 0px 135px 62%\u00a0\u00bb vertical_alignment=\u00a0\u00bbtop\u00a0\u00bb advanced_animations=\u00a0\u00bbno\u00a0\u00bb item_padding_1024_1280=\u00a0\u00bb133px 0px 135px 58%\u00a0\u00bb item_padding_480_600=\u00a0\u00bb133px 0px 135px 23%\u00a0\u00bb item_padding_480=\u00a0\u00bb133px 0px 135px 23%\u00a0\u00bb][vc_separator type=\u00a0\u00bbtransparent\u00a0\u00bb up=\u00a0\u00bb-37&Prime;][vc_column_text] particuliers , ar\u00f4mes [\/vc_column_text][\/qode_elements_holder_item][qode_elements_holder_item background_image=\u00a0\u00bb15766&Prime; item_padding=\u00a0\u00bb134px 0px 136px 65%\u00a0\u00bb vertical_alignment=\u00a0\u00bbtop\u00a0\u00bb advanced_animations=\u00a0\u00bbno\u00a0\u00bb&#8230;<\/p>\n","protected":false},"author":1,"featured_media":0,"parent":0,"menu_order":0,"comment_status":"closed","ping_status":"closed","template":"full_width.php","meta":{"_exactmetrics_skip_tracking":false,"_exactmetrics_sitenote_active":false,"_exactmetrics_sitenote_note":"","_exactmetrics_sitenote_category":0,"footnotes":""},"class_list":["post-17618","page","type-page","status-publish","hentry"],"yoast_head":"<!-- This site is optimized with the Yoast SEO plugin v24.1 - https:\/\/yoast.com\/wordpress\/plugins\/seo\/ -->\n<title>Premium - Socrates Oil<\/title>\n<meta name=\"robots\" content=\"index, follow, max-snippet:-1, max-image-preview:large, max-video-preview:-1\" \/>\n<link rel=\"canonical\" href=\"https:\/\/socratesoil.gr\/fr\/premium\/\" \/>\n<meta property=\"og:locale\" content=\"fr_FR\" \/>\n<meta property=\"og:type\" content=\"article\" \/>\n<meta property=\"og:title\" content=\"Premium - Socrates Oil\" \/>\n<meta property=\"og:description\" content=\"[vc_row css_animation=\u00a0\u00bb\u00a0\u00bb row_type=\u00a0\u00bbrow\u00a0\u00bb use_row_as_full_screen_section=\u00a0\u00bbno\u00a0\u00bb type=\u00a0\u00bbfull_width\u00a0\u00bb angled_section=\u00a0\u00bbno\u00a0\u00bb text_align=\u00a0\u00bbleft\u00a0\u00bb background_image_as_pattern=\u00a0\u00bbwithout_pattern\u00a0\u00bb z_index=\u00a0\u00bb6&Prime;][vc_column offset=\u00a0\u00bbvc_hidden-lg vc_hidden-md vc_hidden-sm vc_hidden-xs\u00a0\u00bb][qode_elements_holder number_of_columns=\u00a0\u00bbtwo_columns\u00a0\u00bb][qode_elements_holder_item item_padding=\u00a0\u00bb133px 0px 135px 62%\u00a0\u00bb vertical_alignment=\u00a0\u00bbtop\u00a0\u00bb advanced_animations=\u00a0\u00bbno\u00a0\u00bb item_padding_1024_1280=\u00a0\u00bb133px 0px 135px 58%\u00a0\u00bb item_padding_480_600=\u00a0\u00bb133px 0px 135px 23%\u00a0\u00bb item_padding_480=\u00a0\u00bb133px 0px 135px 23%\u00a0\u00bb][vc_separator type=\u00a0\u00bbtransparent\u00a0\u00bb up=\u00a0\u00bb-37&Prime;][vc_column_text] particuliers , ar\u00f4mes [\/vc_column_text][\/qode_elements_holder_item][qode_elements_holder_item background_image=\u00a0\u00bb15766&Prime; item_padding=\u00a0\u00bb134px 0px 136px 65%\u00a0\u00bb vertical_alignment=\u00a0\u00bbtop\u00a0\u00bb advanced_animations=\u00a0\u00bbno\u00a0\u00bb...\" \/>\n<meta property=\"og:url\" content=\"https:\/\/socratesoil.gr\/fr\/premium\/\" \/>\n<meta property=\"og:site_name\" content=\"Socrates Oil\" \/>\n<meta property=\"article:modified_time\" content=\"2024-10-07T12:44:47+00:00\" \/>\n<meta name=\"twitter:card\" content=\"summary_large_image\" \/>\n<meta name=\"twitter:label1\" content=\"Dur\u00e9e de lecture estim\u00e9e\" \/>\n\t<meta name=\"twitter:data1\" content=\"6 minutes\" \/>\n<script type=\"application\/ld+json\" class=\"yoast-schema-graph\">{\"@context\":\"https:\/\/schema.org\",\"@graph\":[{\"@type\":\"WebPage\",\"@id\":\"https:\/\/socratesoil.gr\/fr\/premium\/\",\"url\":\"https:\/\/socratesoil.gr\/fr\/premium\/\",\"name\":\"Premium - Socrates Oil\",\"isPartOf\":{\"@id\":\"https:\/\/socratesoil.gr\/fr\/#website\"},\"datePublished\":\"2018-01-31T12:20:49+00:00\",\"dateModified\":\"2024-10-07T12:44:47+00:00\",\"breadcrumb\":{\"@id\":\"https:\/\/socratesoil.gr\/fr\/premium\/#breadcrumb\"},\"inLanguage\":\"fr-FR\",\"potentialAction\":[{\"@type\":\"ReadAction\",\"target\":[\"https:\/\/socratesoil.gr\/fr\/premium\/\"]}]},{\"@type\":\"BreadcrumbList\",\"@id\":\"https:\/\/socratesoil.gr\/fr\/premium\/#breadcrumb\",\"itemListElement\":[{\"@type\":\"ListItem\",\"position\":1,\"name\":\"Home\",\"item\":\"https:\/\/socratesoil.gr\/fr\/home\/\"},{\"@type\":\"ListItem\",\"position\":2,\"name\":\"Premium\"}]},{\"@type\":\"WebSite\",\"@id\":\"https:\/\/socratesoil.gr\/fr\/#website\",\"url\":\"https:\/\/socratesoil.gr\/fr\/\",\"name\":\"Socrates Oil\",\"description\":\"\u0395\u03be\u03b1\u03b9\u03c1\u03b5\u03c4\u03b9\u03ba\u03cc \u03c0\u03b1\u03c1\u03b8\u03ad\u03bd\u03bf \u03b5\u03bb\u03b1\u03b9\u03cc\u03bb\u03b1\u03b4\u03bf\",\"potentialAction\":[{\"@type\":\"SearchAction\",\"target\":{\"@type\":\"EntryPoint\",\"urlTemplate\":\"https:\/\/socratesoil.gr\/fr\/?s={search_term_string}\"},\"query-input\":{\"@type\":\"PropertyValueSpecification\",\"valueRequired\":true,\"valueName\":\"search_term_string\"}}],\"inLanguage\":\"fr-FR\"}]}<\/script>\n<!-- \/ Yoast SEO plugin. -->","yoast_head_json":{"title":"Premium - Socrates Oil","robots":{"index":"index","follow":"follow","max-snippet":"max-snippet:-1","max-image-preview":"max-image-preview:large","max-video-preview":"max-video-preview:-1"},"canonical":"https:\/\/socratesoil.gr\/fr\/premium\/","og_locale":"fr_FR","og_type":"article","og_title":"Premium - Socrates Oil","og_description":"[vc_row css_animation=\u00a0\u00bb\u00a0\u00bb row_type=\u00a0\u00bbrow\u00a0\u00bb use_row_as_full_screen_section=\u00a0\u00bbno\u00a0\u00bb type=\u00a0\u00bbfull_width\u00a0\u00bb angled_section=\u00a0\u00bbno\u00a0\u00bb text_align=\u00a0\u00bbleft\u00a0\u00bb background_image_as_pattern=\u00a0\u00bbwithout_pattern\u00a0\u00bb z_index=\u00a0\u00bb6&Prime;][vc_column offset=\u00a0\u00bbvc_hidden-lg vc_hidden-md vc_hidden-sm vc_hidden-xs\u00a0\u00bb][qode_elements_holder number_of_columns=\u00a0\u00bbtwo_columns\u00a0\u00bb][qode_elements_holder_item item_padding=\u00a0\u00bb133px 0px 135px 62%\u00a0\u00bb vertical_alignment=\u00a0\u00bbtop\u00a0\u00bb advanced_animations=\u00a0\u00bbno\u00a0\u00bb item_padding_1024_1280=\u00a0\u00bb133px 0px 135px 58%\u00a0\u00bb item_padding_480_600=\u00a0\u00bb133px 0px 135px 23%\u00a0\u00bb item_padding_480=\u00a0\u00bb133px 0px 135px 23%\u00a0\u00bb][vc_separator type=\u00a0\u00bbtransparent\u00a0\u00bb up=\u00a0\u00bb-37&Prime;][vc_column_text] particuliers , ar\u00f4mes [\/vc_column_text][\/qode_elements_holder_item][qode_elements_holder_item background_image=\u00a0\u00bb15766&Prime; item_padding=\u00a0\u00bb134px 0px 136px 65%\u00a0\u00bb vertical_alignment=\u00a0\u00bbtop\u00a0\u00bb advanced_animations=\u00a0\u00bbno\u00a0\u00bb...","og_url":"https:\/\/socratesoil.gr\/fr\/premium\/","og_site_name":"Socrates Oil","article_modified_time":"2024-10-07T12:44:47+00:00","twitter_card":"summary_large_image","twitter_misc":{"Dur\u00e9e de lecture estim\u00e9e":"6 minutes"},"schema":{"@context":"https:\/\/schema.org","@graph":[{"@type":"WebPage","@id":"https:\/\/socratesoil.gr\/fr\/premium\/","url":"https:\/\/socratesoil.gr\/fr\/premium\/","name":"Premium - Socrates Oil","isPartOf":{"@id":"https:\/\/socratesoil.gr\/fr\/#website"},"datePublished":"2018-01-31T12:20:49+00:00","dateModified":"2024-10-07T12:44:47+00:00","breadcrumb":{"@id":"https:\/\/socratesoil.gr\/fr\/premium\/#breadcrumb"},"inLanguage":"fr-FR","potentialAction":[{"@type":"ReadAction","target":["https:\/\/socratesoil.gr\/fr\/premium\/"]}]},{"@type":"BreadcrumbList","@id":"https:\/\/socratesoil.gr\/fr\/premium\/#breadcrumb","itemListElement":[{"@type":"ListItem","position":1,"name":"Home","item":"https:\/\/socratesoil.gr\/fr\/home\/"},{"@type":"ListItem","position":2,"name":"Premium"}]},{"@type":"WebSite","@id":"https:\/\/socratesoil.gr\/fr\/#website","url":"https:\/\/socratesoil.gr\/fr\/","name":"Socrates Oil","description":"\u0395\u03be\u03b1\u03b9\u03c1\u03b5\u03c4\u03b9\u03ba\u03cc \u03c0\u03b1\u03c1\u03b8\u03ad\u03bd\u03bf \u03b5\u03bb\u03b1\u03b9\u03cc\u03bb\u03b1\u03b4\u03bf","potentialAction":[{"@type":"SearchAction","target":{"@type":"EntryPoint","urlTemplate":"https:\/\/socratesoil.gr\/fr\/?s={search_term_string}"},"query-input":{"@type":"PropertyValueSpecification","valueRequired":true,"valueName":"search_term_string"}}],"inLanguage":"fr-FR"}]}},"_links":{"self":[{"href":"https:\/\/socratesoil.gr\/fr\/wp-json\/wp\/v2\/pages\/17618","targetHints":{"allow":["GET"]}}],"collection":[{"href":"https:\/\/socratesoil.gr\/fr\/wp-json\/wp\/v2\/pages"}],"about":[{"href":"https:\/\/socratesoil.gr\/fr\/wp-json\/wp\/v2\/types\/page"}],"author":[{"embeddable":true,"href":"https:\/\/socratesoil.gr\/fr\/wp-json\/wp\/v2\/users\/1"}],"replies":[{"embeddable":true,"href":"https:\/\/socratesoil.gr\/fr\/wp-json\/wp\/v2\/comments?post=17618"}],"version-history":[{"count":2,"href":"https:\/\/socratesoil.gr\/fr\/wp-json\/wp\/v2\/pages\/17618\/revisions"}],"predecessor-version":[{"id":17620,"href":"https:\/\/socratesoil.gr\/fr\/wp-json\/wp\/v2\/pages\/17618\/revisions\/17620"}],"wp:attachment":[{"href":"https:\/\/socratesoil.gr\/fr\/wp-json\/wp\/v2\/media?parent=17618"}],"curies":[{"name":"wp","href":"https:\/\/api.w.org\/{rel}","templated":true}]}}