{"id":17609,"date":"2017-07-26T23:13:45","date_gmt":"2017-07-26T20:13:45","guid":{"rendered":"https:\/\/socratesoil.gr\/notre-entreprise\/entreprise-et-certifications\/"},"modified":"2024-10-06T23:53:10","modified_gmt":"2024-10-06T20:53:10","slug":"entreprise-et-certifications","status":"publish","type":"page","link":"https:\/\/socratesoil.gr\/fr\/notre-entreprise\/entreprise-et-certifications\/","title":{"rendered":"Entreprise et Certifications"},"content":{"rendered":"<div class=\"wpb-content-wrapper\"><p>[vc_row css_animation=\u00a0\u00bb\u00a0\u00bb row_type=\u00a0\u00bbrow\u00a0\u00bb use_row_as_full_screen_section=\u00a0\u00bbno\u00a0\u00bb type=\u00a0\u00bbgrid\u00a0\u00bb angled_section=\u00a0\u00bbno\u00a0\u00bb text_align=\u00a0\u00bbcenter\u00a0\u00bb background_image_as_pattern=\u00a0\u00bbwithout_pattern\u00a0\u00bb css=\u00a0\u00bb.vc_custom_1456908710304{padding-top: 112px !important;padding-bottom: 60px !important;}\u00a0\u00bb][vc_column offset=\u00a0\u00bbvc_col-lg-offset-3 vc_col-lg-6&Prime;][vc_column_text]<\/p>\n<h2>Socrates Oil<\/h2>\n<p>[\/vc_column_text][vc_separator type=\u00a0\u00bbtransparent\u00a0\u00bb up=\u00a0\u00bb20&Prime; down=\u00a0\u00bb0&Prime;][vc_column_text]<\/p>\n<h3>Excellente huile d\u2019olive vierge<\/h3>\n<p>[\/vc_column_text][\/vc_column][\/vc_row][vc_row css_animation=\u00a0\u00bb\u00a0\u00bb row_type=\u00a0\u00bbrow\u00a0\u00bb use_row_as_full_screen_section=\u00a0\u00bbno\u00a0\u00bb type=\u00a0\u00bbfull_width\u00a0\u00bb angled_section=\u00a0\u00bbno\u00a0\u00bb text_align=\u00a0\u00bbleft\u00a0\u00bb background_image_as_pattern=\u00a0\u00bbwithout_pattern\u00a0\u00bb][vc_column][vc_column_text]<\/p>\n<p>[\/vc_column_text][\/vc_column][\/vc_row][vc_row css_animation=\u00a0\u00bb\u00a0\u00bb row_type=\u00a0\u00bbrow\u00a0\u00bb use_row_as_full_screen_section=\u00a0\u00bbno\u00a0\u00bb type=\u00a0\u00bbgrid\u00a0\u00bb angled_section=\u00a0\u00bbno\u00a0\u00bb text_align=\u00a0\u00bbleft\u00a0\u00bb background_image_as_pattern=\u00a0\u00bbwithout_pattern\u00a0\u00bb][vc_column][vc_gallery type=\u00a0\u00bbflexslider_slide\u00a0\u00bb interval=\u00a0\u00bb3&Prime; images=\u00a0\u00bb15530,15477,15490&Prime; img_size=\u00a0\u00bbfull\u00a0\u00bb direction_nav=\u00a0\u00bbyes\u00a0\u00bb control_nav=\u00a0\u00bbno\u00a0\u00bb frame=\u00a0\u00bbno\u00a0\u00bb][\/vc_column][\/vc_row][vc_row css_animation=\u00a0\u00bb\u00a0\u00bb row_type=\u00a0\u00bbrow\u00a0\u00bb use_row_as_full_screen_section=\u00a0\u00bbno\u00a0\u00bb type=\u00a0\u00bbfull_width\u00a0\u00bb angled_section=\u00a0\u00bbno\u00a0\u00bb text_align=\u00a0\u00bbleft\u00a0\u00bb background_image_as_pattern=\u00a0\u00bbwithout_pattern\u00a0\u00bb][vc_column][vc_column_text]<\/p>\n<p>[\/vc_column_text][\/vc_column][\/vc_row][vc_row css_animation=\u00a0\u00bb\u00a0\u00bb row_type=\u00a0\u00bbrow\u00a0\u00bb use_row_as_full_screen_section=\u00a0\u00bbno\u00a0\u00bb type=\u00a0\u00bbgrid\u00a0\u00bb angled_section=\u00a0\u00bbno\u00a0\u00bb text_align=\u00a0\u00bbleft\u00a0\u00bb background_image_as_pattern=\u00a0\u00bbwithout_pattern\u00a0\u00bb css=\u00a0\u00bb.vc_custom_1578471865265{padding-bottom: 150px !important;}\u00a0\u00bb z_index=\u00a0\u00bb\u00a0\u00bb][vc_column width=\u00a0\u00bb1\/2&Prime;][vc_column_text]Notre entreprise est une soci\u00e9t\u00e9 de famille cr\u00e9\u00e9e par l\u2019amour de notre pays, l\u2019olive et l\u2019huile d\u2019olive de grande qualit\u00e9. &nbsp; A Delphes, le centre de la Terre \u00e0 l\u2019antiquit\u00e9, et depuis 2014 on produit l\u2019huile d\u2019olive vierge <strong>\u00ab<\/strong><strong>SOCRATES<\/strong> <strong>OIL<\/strong><strong>\u00bb<\/strong> et les olives d\u2019Amphissa (A.O.P) <strong>\u00ab<\/strong><strong>SOCRATES<\/strong> <strong>OLIVE<\/strong><strong>\u00bb.<\/strong>&nbsp; En ayant comme objectif principal la production de l\u2019huile d\u2019olive vierge premium et tenant en compte des formes de culture traditionnelles, on produit l\u2019huile d\u2019olive de qualit\u00e9 exceptionnelle, pleine d\u2019odeurs et du go\u00fbt sp\u00e9cial.[\/vc_column_text][vc_empty_space height=\u00a0\u00bb24px\u00a0\u00bb][vc_single_image image=\u00a0\u00bb16231&Prime; img_size=\u00a0\u00bbfull\u00a0\u00bb qode_css_animation=\u00a0\u00bb\u00a0\u00bb][vc_empty_space height=\u00a0\u00bb12px\u00a0\u00bb][vc_single_image image=\u00a0\u00bb16286&Prime; img_size=\u00a0\u00bbfull\u00a0\u00bb qode_css_animation=\u00a0\u00bb\u00a0\u00bb][vc_separator type=\u00a0\u00bbtransparent\u00a0\u00bb thickness=\u00a0\u00bb0&Prime; up=\u00a0\u00bb0&Prime; down=\u00a0\u00bb32&Prime;][\/vc_column][vc_column width=\u00a0\u00bb1\/2&Prime;][vc_column_text]<\/p>\n<h3>Certifications<\/h3>\n<p>&nbsp;<\/p>\n<h5><a href=\"https:\/\/socratesoil.gr\/wp-content\/uploads\/2016\/03\/lamia_chemistry.pdf\" target=\"_blank\" rel=\"noopener\"><i class=\"fa fa-file-pdf-o\" aria-hidden=\"true\"><\/i> Rapport d\u2019analyse \u2013 Laboratoire de Lamia (EN)<\/a><\/h5>\n<h5><a href=\"https:\/\/socratesoil.gr\/wp-content\/uploads\/2016\/03\/SOCRATES_OIL_aromas_Gr.pdf\" target=\"_blank\" rel=\"noopener\"><i class=\"fa fa-file-pdf-o\" aria-hidden=\"true\"><\/i> Analyse d\u2019arome de l\u2019huile d\u2019olive (En)<\/a><\/h5>\n<h5><a href=\"https:\/\/socratesoil.gr\/wp-content\/uploads\/2016\/03\/SOCRATES_OIL_taste_analysis.pdf\" target=\"_blank\" rel=\"noopener\"><i class=\"fa fa-file-pdf-o\" aria-hidden=\"true\"><\/i> Rapport d\u2019analyse sensoriel de l\u2019huile d\u2019olive vierge (En)<\/a><\/h5>\n<h5><a href=\"https:\/\/socratesoil.gr\/wp-content\/uploads\/2016\/03\/2.pdf\" target=\"_blank\" rel=\"noopener\"><i class=\"fa fa-file-pdf-o\" aria-hidden=\"true\"><\/i> Report of Analysis &#8211; Lamia Laboratory (En)<\/a><\/h5>\n<h5><a href=\"https:\/\/socratesoil.gr\/wp-content\/uploads\/2016\/03\/3.pdf\" target=\"_blank\" rel=\"noopener\"><i class=\"fa fa-file-pdf-o\" aria-hidden=\"true\"><\/i> Aroma Analysis of Olive Oil Sample (En)<\/a><\/h5>\n<h5><a href=\"https:\/\/socratesoil.gr\/wp-content\/uploads\/2016\/03\/4.pdf\" target=\"_blank\" rel=\"noopener\"><i class=\"fa fa-file-pdf-o\" aria-hidden=\"true\"><\/i> Virgin Olive 0il Sensory Analysis Report (En)<\/a><\/h5>\n<p>[\/vc_column_text][vc_empty_space height=\u00a0\u00bb24px\u00a0\u00bb][vc_column_text]<\/p>\n<h3>Gallery<\/h3>\n<p>[\/vc_column_text][vc_empty_space height=\u00a0\u00bb24px\u00a0\u00bb][vc_gallery type=\u00a0\u00bbimage_grid\u00a0\u00bb images=\u00a0\u00bb16183,16184&Prime; img_size=\u00a0\u00bblarge\u00a0\u00bb column_number=\u00a0\u00bb2&Prime; grayscale=\u00a0\u00bbyes\u00a0\u00bb images_space=\u00a0\u00bbgallery_with_space\u00a0\u00bb][\/vc_column][\/vc_row]<\/p>\n<\/div>","protected":false},"excerpt":{"rendered":"<p>[vc_row css_animation=\u00a0\u00bb\u00a0\u00bb row_type=\u00a0\u00bbrow\u00a0\u00bb use_row_as_full_screen_section=\u00a0\u00bbno\u00a0\u00bb type=\u00a0\u00bbgrid\u00a0\u00bb angled_section=\u00a0\u00bbno\u00a0\u00bb text_align=\u00a0\u00bbcenter\u00a0\u00bb background_image_as_pattern=\u00a0\u00bbwithout_pattern\u00a0\u00bb css=\u00a0\u00bb.vc_custom_1456908710304{padding-top: 112px !important;padding-bottom: 60px !important;}\u00a0\u00bb][vc_column offset=\u00a0\u00bbvc_col-lg-offset-3 vc_col-lg-6&Prime;][vc_column_text] Socrates Oil [\/vc_column_text][vc_separator type=\u00a0\u00bbtransparent\u00a0\u00bb up=\u00a0\u00bb20&Prime; down=\u00a0\u00bb0&Prime;][vc_column_text] Excellente huile d\u2019olive vierge [\/vc_column_text][\/vc_column][\/vc_row][vc_row css_animation=\u00a0\u00bb\u00a0\u00bb row_type=\u00a0\u00bbrow\u00a0\u00bb use_row_as_full_screen_section=\u00a0\u00bbno\u00a0\u00bb type=\u00a0\u00bbfull_width\u00a0\u00bb angled_section=\u00a0\u00bbno\u00a0\u00bb text_align=\u00a0\u00bbleft\u00a0\u00bb background_image_as_pattern=\u00a0\u00bbwithout_pattern\u00a0\u00bb][vc_column][vc_column_text] [\/vc_column_text][\/vc_column][\/vc_row][vc_row css_animation=\u00a0\u00bb\u00a0\u00bb row_type=\u00a0\u00bbrow\u00a0\u00bb use_row_as_full_screen_section=\u00a0\u00bbno\u00a0\u00bb type=\u00a0\u00bbgrid\u00a0\u00bb angled_section=\u00a0\u00bbno\u00a0\u00bb text_align=\u00a0\u00bbleft\u00a0\u00bb background_image_as_pattern=\u00a0\u00bbwithout_pattern\u00a0\u00bb][vc_column][vc_gallery type=\u00a0\u00bbflexslider_slide\u00a0\u00bb interval=\u00a0\u00bb3&Prime; images=\u00a0\u00bb15530,15477,15490&Prime; img_size=\u00a0\u00bbfull\u00a0\u00bb&#8230;<\/p>\n","protected":false},"author":1,"featured_media":0,"parent":17527,"menu_order":0,"comment_status":"closed","ping_status":"closed","template":"full_width.php","meta":{"_exactmetrics_skip_tracking":false,"_exactmetrics_sitenote_active":false,"_exactmetrics_sitenote_note":"","_exactmetrics_sitenote_category":0,"footnotes":""},"class_list":["post-17609","page","type-page","status-publish","hentry"],"yoast_head":"<!-- This site is optimized with the Yoast SEO plugin v24.1 - https:\/\/yoast.com\/wordpress\/plugins\/seo\/ -->\n<title>Socrates Oil - Entreprise, Certifications et information<\/title>\n<meta name=\"description\" content=\"Notre entreprise est une soci\u00e9t\u00e9 de famille cr\u00e9\u00e9e par l\u2019amour de notre pays, l\u2019olive et l\u2019huile d\u2019olive de grande qualit\u00e9\" \/>\n<meta name=\"robots\" content=\"index, follow, max-snippet:-1, max-image-preview:large, max-video-preview:-1\" \/>\n<link rel=\"canonical\" href=\"https:\/\/socratesoil.gr\/fr\/notre-entreprise\/entreprise-et-certifications\/\" \/>\n<meta property=\"og:locale\" content=\"fr_FR\" \/>\n<meta property=\"og:type\" content=\"article\" \/>\n<meta property=\"og:title\" content=\"Socrates Oil - Entreprise, Certifications et information\" \/>\n<meta property=\"og:description\" content=\"Notre entreprise est une soci\u00e9t\u00e9 de famille cr\u00e9\u00e9e par l\u2019amour de notre pays, l\u2019olive et l\u2019huile d\u2019olive de grande qualit\u00e9\" \/>\n<meta property=\"og:url\" content=\"https:\/\/socratesoil.gr\/fr\/notre-entreprise\/entreprise-et-certifications\/\" \/>\n<meta property=\"og:site_name\" content=\"Socrates Oil\" \/>\n<meta property=\"article:modified_time\" content=\"2024-10-06T20:53:10+00:00\" \/>\n<meta name=\"twitter:card\" content=\"summary_large_image\" \/>\n<meta name=\"twitter:label1\" content=\"Dur\u00e9e de lecture estim\u00e9e\" \/>\n\t<meta name=\"twitter:data1\" content=\"2 minutes\" \/>\n<script type=\"application\/ld+json\" class=\"yoast-schema-graph\">{\"@context\":\"https:\/\/schema.org\",\"@graph\":[{\"@type\":\"WebPage\",\"@id\":\"https:\/\/socratesoil.gr\/fr\/notre-entreprise\/entreprise-et-certifications\/\",\"url\":\"https:\/\/socratesoil.gr\/fr\/notre-entreprise\/entreprise-et-certifications\/\",\"name\":\"Socrates Oil - Entreprise, Certifications et information\",\"isPartOf\":{\"@id\":\"https:\/\/socratesoil.gr\/fr\/#website\"},\"datePublished\":\"2017-07-26T20:13:45+00:00\",\"dateModified\":\"2024-10-06T20:53:10+00:00\",\"description\":\"Notre entreprise est une soci\u00e9t\u00e9 de famille cr\u00e9\u00e9e par l\u2019amour de notre pays, l\u2019olive et l\u2019huile d\u2019olive de grande qualit\u00e9\",\"breadcrumb\":{\"@id\":\"https:\/\/socratesoil.gr\/fr\/notre-entreprise\/entreprise-et-certifications\/#breadcrumb\"},\"inLanguage\":\"fr-FR\",\"potentialAction\":[{\"@type\":\"ReadAction\",\"target\":[\"https:\/\/socratesoil.gr\/fr\/notre-entreprise\/entreprise-et-certifications\/\"]}]},{\"@type\":\"BreadcrumbList\",\"@id\":\"https:\/\/socratesoil.gr\/fr\/notre-entreprise\/entreprise-et-certifications\/#breadcrumb\",\"itemListElement\":[{\"@type\":\"ListItem\",\"position\":1,\"name\":\"Home\",\"item\":\"https:\/\/socratesoil.gr\/fr\/home\/\"},{\"@type\":\"ListItem\",\"position\":2,\"name\":\"Notre entreprise\",\"item\":\"https:\/\/socratesoil.gr\/fr\/notre-entreprise\/\"},{\"@type\":\"ListItem\",\"position\":3,\"name\":\"Entreprise et Certifications\"}]},{\"@type\":\"WebSite\",\"@id\":\"https:\/\/socratesoil.gr\/fr\/#website\",\"url\":\"https:\/\/socratesoil.gr\/fr\/\",\"name\":\"Socrates Oil\",\"description\":\"\u0395\u03be\u03b1\u03b9\u03c1\u03b5\u03c4\u03b9\u03ba\u03cc \u03c0\u03b1\u03c1\u03b8\u03ad\u03bd\u03bf \u03b5\u03bb\u03b1\u03b9\u03cc\u03bb\u03b1\u03b4\u03bf\",\"potentialAction\":[{\"@type\":\"SearchAction\",\"target\":{\"@type\":\"EntryPoint\",\"urlTemplate\":\"https:\/\/socratesoil.gr\/fr\/?s={search_term_string}\"},\"query-input\":{\"@type\":\"PropertyValueSpecification\",\"valueRequired\":true,\"valueName\":\"search_term_string\"}}],\"inLanguage\":\"fr-FR\"}]}<\/script>\n<!-- \/ Yoast SEO plugin. -->","yoast_head_json":{"title":"Socrates Oil - Entreprise, Certifications et information","description":"Notre entreprise est une soci\u00e9t\u00e9 de famille cr\u00e9\u00e9e par l\u2019amour de notre pays, l\u2019olive et l\u2019huile d\u2019olive de grande qualit\u00e9","robots":{"index":"index","follow":"follow","max-snippet":"max-snippet:-1","max-image-preview":"max-image-preview:large","max-video-preview":"max-video-preview:-1"},"canonical":"https:\/\/socratesoil.gr\/fr\/notre-entreprise\/entreprise-et-certifications\/","og_locale":"fr_FR","og_type":"article","og_title":"Socrates Oil - Entreprise, Certifications et information","og_description":"Notre entreprise est une soci\u00e9t\u00e9 de famille cr\u00e9\u00e9e par l\u2019amour de notre pays, l\u2019olive et l\u2019huile d\u2019olive de grande qualit\u00e9","og_url":"https:\/\/socratesoil.gr\/fr\/notre-entreprise\/entreprise-et-certifications\/","og_site_name":"Socrates Oil","article_modified_time":"2024-10-06T20:53:10+00:00","twitter_card":"summary_large_image","twitter_misc":{"Dur\u00e9e de lecture estim\u00e9e":"2 minutes"},"schema":{"@context":"https:\/\/schema.org","@graph":[{"@type":"WebPage","@id":"https:\/\/socratesoil.gr\/fr\/notre-entreprise\/entreprise-et-certifications\/","url":"https:\/\/socratesoil.gr\/fr\/notre-entreprise\/entreprise-et-certifications\/","name":"Socrates Oil - Entreprise, Certifications et information","isPartOf":{"@id":"https:\/\/socratesoil.gr\/fr\/#website"},"datePublished":"2017-07-26T20:13:45+00:00","dateModified":"2024-10-06T20:53:10+00:00","description":"Notre entreprise est une soci\u00e9t\u00e9 de famille cr\u00e9\u00e9e par l\u2019amour de notre pays, l\u2019olive et l\u2019huile d\u2019olive de grande qualit\u00e9","breadcrumb":{"@id":"https:\/\/socratesoil.gr\/fr\/notre-entreprise\/entreprise-et-certifications\/#breadcrumb"},"inLanguage":"fr-FR","potentialAction":[{"@type":"ReadAction","target":["https:\/\/socratesoil.gr\/fr\/notre-entreprise\/entreprise-et-certifications\/"]}]},{"@type":"BreadcrumbList","@id":"https:\/\/socratesoil.gr\/fr\/notre-entreprise\/entreprise-et-certifications\/#breadcrumb","itemListElement":[{"@type":"ListItem","position":1,"name":"Home","item":"https:\/\/socratesoil.gr\/fr\/home\/"},{"@type":"ListItem","position":2,"name":"Notre entreprise","item":"https:\/\/socratesoil.gr\/fr\/notre-entreprise\/"},{"@type":"ListItem","position":3,"name":"Entreprise et Certifications"}]},{"@type":"WebSite","@id":"https:\/\/socratesoil.gr\/fr\/#website","url":"https:\/\/socratesoil.gr\/fr\/","name":"Socrates Oil","description":"\u0395\u03be\u03b1\u03b9\u03c1\u03b5\u03c4\u03b9\u03ba\u03cc \u03c0\u03b1\u03c1\u03b8\u03ad\u03bd\u03bf \u03b5\u03bb\u03b1\u03b9\u03cc\u03bb\u03b1\u03b4\u03bf","potentialAction":[{"@type":"SearchAction","target":{"@type":"EntryPoint","urlTemplate":"https:\/\/socratesoil.gr\/fr\/?s={search_term_string}"},"query-input":{"@type":"PropertyValueSpecification","valueRequired":true,"valueName":"search_term_string"}}],"inLanguage":"fr-FR"}]}},"_links":{"self":[{"href":"https:\/\/socratesoil.gr\/fr\/wp-json\/wp\/v2\/pages\/17609","targetHints":{"allow":["GET"]}}],"collection":[{"href":"https:\/\/socratesoil.gr\/fr\/wp-json\/wp\/v2\/pages"}],"about":[{"href":"https:\/\/socratesoil.gr\/fr\/wp-json\/wp\/v2\/types\/page"}],"author":[{"embeddable":true,"href":"https:\/\/socratesoil.gr\/fr\/wp-json\/wp\/v2\/users\/1"}],"replies":[{"embeddable":true,"href":"https:\/\/socratesoil.gr\/fr\/wp-json\/wp\/v2\/comments?post=17609"}],"version-history":[{"count":5,"href":"https:\/\/socratesoil.gr\/fr\/wp-json\/wp\/v2\/pages\/17609\/revisions"}],"predecessor-version":[{"id":17614,"href":"https:\/\/socratesoil.gr\/fr\/wp-json\/wp\/v2\/pages\/17609\/revisions\/17614"}],"up":[{"embeddable":true,"href":"https:\/\/socratesoil.gr\/fr\/wp-json\/wp\/v2\/pages\/17527"}],"wp:attachment":[{"href":"https:\/\/socratesoil.gr\/fr\/wp-json\/wp\/v2\/media?parent=17609"}],"curies":[{"name":"wp","href":"https:\/\/api.w.org\/{rel}","templated":true}]}}