{"id":17536,"date":"2017-07-26T10:12:03","date_gmt":"2017-07-26T07:12:03","guid":{"rendered":"https:\/\/socratesoil.gr\/notre-entreprise\/notre-oliveraie\/"},"modified":"2024-10-02T22:31:08","modified_gmt":"2024-10-02T19:31:08","slug":"notre-oliveraie","status":"publish","type":"page","link":"https:\/\/socratesoil.gr\/fr\/notre-entreprise\/notre-oliveraie\/","title":{"rendered":"Notre oliveraie"},"content":{"rendered":"<div class=\"wpb-content-wrapper\"><p>[vc_row css_animation=\u00a0\u00bb\u00a0\u00bb row_type=\u00a0\u00bbrow\u00a0\u00bb use_row_as_full_screen_section=\u00a0\u00bbno\u00a0\u00bb type=\u00a0\u00bbgrid\u00a0\u00bb angled_section=\u00a0\u00bbno\u00a0\u00bb text_align=\u00a0\u00bbcenter\u00a0\u00bb background_image_as_pattern=\u00a0\u00bbwithout_pattern\u00a0\u00bb css=\u00a0\u00bb.vc_custom_1456908710304{padding-top: 112px !important;padding-bottom: 60px !important;}\u00a0\u00bb][vc_column offset=\u00a0\u00bbvc_col-lg-offset-3 vc_col-lg-6&Prime;][vc_column_text]<\/p>\n<h2>OLIVERAIE D\u2019AMPHISSA<\/h2>\n<p>[\/vc_column_text][vc_separator type=\u00a0\u00bbtransparent\u00a0\u00bb up=\u00a0\u00bb20&Prime; down=\u00a0\u00bb0&Prime;][vc_column_text]<\/p>\n<h3>L\u2019 oliveraie continue la plus grande de Balkans.<\/h3>\n<p>[\/vc_column_text][\/vc_column][\/vc_row][vc_row css_animation=\u00a0\u00bb\u00a0\u00bb row_type=\u00a0\u00bbrow\u00a0\u00bb use_row_as_full_screen_section=\u00a0\u00bbno\u00a0\u00bb type=\u00a0\u00bbfull_width\u00a0\u00bb angled_section=\u00a0\u00bbno\u00a0\u00bb text_align=\u00a0\u00bbleft\u00a0\u00bb background_image_as_pattern=\u00a0\u00bbwithout_pattern\u00a0\u00bb][vc_column][vc_column_text]<\/p>\n<p>[\/vc_column_text][\/vc_column][\/vc_row][vc_row css_animation=\u00a0\u00bb\u00a0\u00bb row_type=\u00a0\u00bbrow\u00a0\u00bb use_row_as_full_screen_section=\u00a0\u00bbno\u00a0\u00bb type=\u00a0\u00bbgrid\u00a0\u00bb angled_section=\u00a0\u00bbno\u00a0\u00bb text_align=\u00a0\u00bbleft\u00a0\u00bb background_image_as_pattern=\u00a0\u00bbwithout_pattern\u00a0\u00bb][vc_column][vc_gallery type=\u00a0\u00bbflexslider_slide\u00a0\u00bb interval=\u00a0\u00bb3&Prime; images=\u00a0\u00bb15430,15428,15429,15528,15497&Prime; img_size=\u00a0\u00bbfull\u00a0\u00bb direction_nav=\u00a0\u00bbyes\u00a0\u00bb control_nav=\u00a0\u00bbno\u00a0\u00bb frame=\u00a0\u00bbno\u00a0\u00bb][\/vc_column][\/vc_row][vc_row css_animation=\u00a0\u00bb\u00a0\u00bb row_type=\u00a0\u00bbrow\u00a0\u00bb use_row_as_full_screen_section=\u00a0\u00bbno\u00a0\u00bb type=\u00a0\u00bbfull_width\u00a0\u00bb angled_section=\u00a0\u00bbno\u00a0\u00bb text_align=\u00a0\u00bbleft\u00a0\u00bb background_image_as_pattern=\u00a0\u00bbwithout_pattern\u00a0\u00bb][vc_column][vc_column_text]<\/p>\n<p>[\/vc_column_text][\/vc_column][\/vc_row][vc_row css_animation=\u00a0\u00bb\u00a0\u00bb row_type=\u00a0\u00bbrow\u00a0\u00bb use_row_as_full_screen_section=\u00a0\u00bbno\u00a0\u00bb type=\u00a0\u00bbgrid\u00a0\u00bb angled_section=\u00a0\u00bbno\u00a0\u00bb text_align=\u00a0\u00bbleft\u00a0\u00bb background_image_as_pattern=\u00a0\u00bbwithout_pattern\u00a0\u00bb css=\u00a0\u00bb.vc_custom_1458125096985{padding-bottom: 150px !important;}\u00a0\u00bb][vc_column width=\u00a0\u00bb1\/2&Prime;][vc_column_text]L\u2019olive est consid\u00e9r\u00e9e comme le cadeau de Dieux pour l\u2019 homme.<\/p>\n<p>&nbsp;<\/p>\n<p>C\u2019est un arbre b\u00e9ni qui prosp\u00e8re \u00e0 la M\u00e9diterran\u00e9e depuis plus de 7.000 ans.<\/p>\n<p>&nbsp;<\/p>\n<p>L\u2019olive symbolise la paix, le savoir, la sagesse, la sant\u00e9 et la beaut\u00e9.<\/p>\n<p><strong> <\/strong><\/p>\n<p>Les champions olympiques \u00e9taient couronn\u00e9s d\u2019une branche d\u2019olive.<\/p>\n<p>&nbsp;<\/p>\n<p>L\u2019 oliveraie traditionnelle d\u2019 Amphissa est la plus grande oliveraie continue de Balkans et s\u2019 \u00e9tend \u00e0 67,000 m2 et 1,200,000 d\u2019oliviers. La majorit\u00e9 d\u2019oliviers est de vari\u00e9t\u00e9 d\u2019Amphissa dont l\u2019\u00e2ge se perd durant les si\u00e8cles.[\/vc_column_text][vc_separator type=\u00a0\u00bbtransparent\u00a0\u00bb thickness=\u00a0\u00bb0&Prime; up=\u00a0\u00bb0&Prime; down=\u00a0\u00bb32&Prime;][\/vc_column][vc_column width=\u00a0\u00bb1\/2&Prime;][vc_column_text]La distance parmi les oliviers, la morphologie de la terre et l\u2019aura maritime qui traversent les oliviers toute l\u2019ann\u00e9e, donnent \u00e0 l\u2019huile son caract\u00e8re unique et universel.<\/p>\n<p>&nbsp;<\/p>\n<p>A partir de ces oliviers, nous r\u00e9coltons les olives de mani\u00e8re manuelle traditionnelle. On r\u00e9colte les olives \u00e0 la main et on les transporte \u00e0 l\u2019huilerie tout de suite. A travers le processus de pressage froid (25 C) et de m\u00e9thodes m\u00e9caniques (25 C), on arrive \u00e0 la production de l\u2019huile vierge extra et Premium \u201cSocrates oil\u201d.[\/vc_column_text][\/vc_column][\/vc_row]<\/p>\n<\/div>","protected":false},"excerpt":{"rendered":"<p>[vc_row css_animation=\u00a0\u00bb\u00a0\u00bb row_type=\u00a0\u00bbrow\u00a0\u00bb use_row_as_full_screen_section=\u00a0\u00bbno\u00a0\u00bb type=\u00a0\u00bbgrid\u00a0\u00bb angled_section=\u00a0\u00bbno\u00a0\u00bb text_align=\u00a0\u00bbcenter\u00a0\u00bb background_image_as_pattern=\u00a0\u00bbwithout_pattern\u00a0\u00bb css=\u00a0\u00bb.vc_custom_1456908710304{padding-top: 112px !important;padding-bottom: 60px !important;}\u00a0\u00bb][vc_column offset=\u00a0\u00bbvc_col-lg-offset-3 vc_col-lg-6&Prime;][vc_column_text] OLIVERAIE D\u2019AMPHISSA [\/vc_column_text][vc_separator type=\u00a0\u00bbtransparent\u00a0\u00bb up=\u00a0\u00bb20&Prime; down=\u00a0\u00bb0&Prime;][vc_column_text] L\u2019 oliveraie continue la plus grande de Balkans. [\/vc_column_text][\/vc_column][\/vc_row][vc_row css_animation=\u00a0\u00bb\u00a0\u00bb row_type=\u00a0\u00bbrow\u00a0\u00bb use_row_as_full_screen_section=\u00a0\u00bbno\u00a0\u00bb type=\u00a0\u00bbfull_width\u00a0\u00bb angled_section=\u00a0\u00bbno\u00a0\u00bb text_align=\u00a0\u00bbleft\u00a0\u00bb background_image_as_pattern=\u00a0\u00bbwithout_pattern\u00a0\u00bb][vc_column][vc_column_text] [\/vc_column_text][\/vc_column][\/vc_row][vc_row css_animation=\u00a0\u00bb\u00a0\u00bb row_type=\u00a0\u00bbrow\u00a0\u00bb use_row_as_full_screen_section=\u00a0\u00bbno\u00a0\u00bb type=\u00a0\u00bbgrid\u00a0\u00bb angled_section=\u00a0\u00bbno\u00a0\u00bb text_align=\u00a0\u00bbleft\u00a0\u00bb background_image_as_pattern=\u00a0\u00bbwithout_pattern\u00a0\u00bb][vc_column][vc_gallery&#8230;<\/p>\n","protected":false},"author":1,"featured_media":0,"parent":17527,"menu_order":0,"comment_status":"closed","ping_status":"closed","template":"full_width.php","meta":{"_exactmetrics_skip_tracking":false,"_exactmetrics_sitenote_active":false,"_exactmetrics_sitenote_note":"","_exactmetrics_sitenote_category":0,"footnotes":""},"class_list":["post-17536","page","type-page","status-publish","hentry"],"yoast_head":"<!-- This site is optimized with the Yoast SEO plugin v24.1 - https:\/\/yoast.com\/wordpress\/plugins\/seo\/ -->\n<title>Socrates Oil - Oliveraie d&#039; Ampfissa, l\u2019 oliveraie continue la plus grande de Balkans.<\/title>\n<meta name=\"description\" content=\"L\u2019 oliveraie traditionnelle d\u2019 Amphissa est la plus grande oliveraie continue de Balkans et s\u2019 \u00e9tend \u00e0 67,000 m2 et 1,200,000 d\u2019oliviers. La majorit\u00e9 d\u2019oliviers est de vari\u00e9t\u00e9 d\u2019 Amphissa dont l\u2019\u00e2ge se perd durant les si\u00e8cles.\" \/>\n<meta name=\"robots\" content=\"index, follow, max-snippet:-1, max-image-preview:large, max-video-preview:-1\" \/>\n<link rel=\"canonical\" href=\"https:\/\/socratesoil.gr\/fr\/notre-entreprise\/notre-oliveraie\/\" \/>\n<meta property=\"og:locale\" content=\"fr_FR\" \/>\n<meta property=\"og:type\" content=\"article\" \/>\n<meta property=\"og:title\" content=\"Socrates Oil - Oliveraie d&#039; Ampfissa, l\u2019 oliveraie continue la plus grande de Balkans.\" \/>\n<meta property=\"og:description\" content=\"L\u2019 oliveraie traditionnelle d\u2019 Amphissa est la plus grande oliveraie continue de Balkans et s\u2019 \u00e9tend \u00e0 67,000 m2 et 1,200,000 d\u2019oliviers. La majorit\u00e9 d\u2019oliviers est de vari\u00e9t\u00e9 d\u2019 Amphissa dont l\u2019\u00e2ge se perd durant les si\u00e8cles.\" \/>\n<meta property=\"og:url\" content=\"https:\/\/socratesoil.gr\/fr\/notre-entreprise\/notre-oliveraie\/\" \/>\n<meta property=\"og:site_name\" content=\"Socrates Oil\" \/>\n<meta property=\"article:modified_time\" content=\"2024-10-02T19:31:08+00:00\" \/>\n<meta name=\"twitter:card\" content=\"summary_large_image\" \/>\n<meta name=\"twitter:label1\" content=\"Dur\u00e9e de lecture estim\u00e9e\" \/>\n\t<meta name=\"twitter:data1\" content=\"2 minutes\" \/>\n<script type=\"application\/ld+json\" class=\"yoast-schema-graph\">{\"@context\":\"https:\/\/schema.org\",\"@graph\":[{\"@type\":\"WebPage\",\"@id\":\"https:\/\/socratesoil.gr\/fr\/notre-entreprise\/notre-oliveraie\/\",\"url\":\"https:\/\/socratesoil.gr\/fr\/notre-entreprise\/notre-oliveraie\/\",\"name\":\"Socrates Oil - Oliveraie d' Ampfissa, l\u2019 oliveraie continue la plus grande de Balkans.\",\"isPartOf\":{\"@id\":\"https:\/\/socratesoil.gr\/fr\/#website\"},\"datePublished\":\"2017-07-26T07:12:03+00:00\",\"dateModified\":\"2024-10-02T19:31:08+00:00\",\"description\":\"L\u2019 oliveraie traditionnelle d\u2019 Amphissa est la plus grande oliveraie continue de Balkans et s\u2019 \u00e9tend \u00e0 67,000 m2 et 1,200,000 d\u2019oliviers. La majorit\u00e9 d\u2019oliviers est de vari\u00e9t\u00e9 d\u2019 Amphissa dont l\u2019\u00e2ge se perd durant les si\u00e8cles.\",\"breadcrumb\":{\"@id\":\"https:\/\/socratesoil.gr\/fr\/notre-entreprise\/notre-oliveraie\/#breadcrumb\"},\"inLanguage\":\"fr-FR\",\"potentialAction\":[{\"@type\":\"ReadAction\",\"target\":[\"https:\/\/socratesoil.gr\/fr\/notre-entreprise\/notre-oliveraie\/\"]}]},{\"@type\":\"BreadcrumbList\",\"@id\":\"https:\/\/socratesoil.gr\/fr\/notre-entreprise\/notre-oliveraie\/#breadcrumb\",\"itemListElement\":[{\"@type\":\"ListItem\",\"position\":1,\"name\":\"Home\",\"item\":\"https:\/\/socratesoil.gr\/fr\/home\/\"},{\"@type\":\"ListItem\",\"position\":2,\"name\":\"Notre entreprise\",\"item\":\"https:\/\/socratesoil.gr\/fr\/notre-entreprise\/\"},{\"@type\":\"ListItem\",\"position\":3,\"name\":\"Notre oliveraie\"}]},{\"@type\":\"WebSite\",\"@id\":\"https:\/\/socratesoil.gr\/fr\/#website\",\"url\":\"https:\/\/socratesoil.gr\/fr\/\",\"name\":\"Socrates Oil\",\"description\":\"\u0395\u03be\u03b1\u03b9\u03c1\u03b5\u03c4\u03b9\u03ba\u03cc \u03c0\u03b1\u03c1\u03b8\u03ad\u03bd\u03bf \u03b5\u03bb\u03b1\u03b9\u03cc\u03bb\u03b1\u03b4\u03bf\",\"potentialAction\":[{\"@type\":\"SearchAction\",\"target\":{\"@type\":\"EntryPoint\",\"urlTemplate\":\"https:\/\/socratesoil.gr\/fr\/?s={search_term_string}\"},\"query-input\":{\"@type\":\"PropertyValueSpecification\",\"valueRequired\":true,\"valueName\":\"search_term_string\"}}],\"inLanguage\":\"fr-FR\"}]}<\/script>\n<!-- \/ Yoast SEO plugin. -->","yoast_head_json":{"title":"Socrates Oil - Oliveraie d' Ampfissa, l\u2019 oliveraie continue la plus grande de Balkans.","description":"L\u2019 oliveraie traditionnelle d\u2019 Amphissa est la plus grande oliveraie continue de Balkans et s\u2019 \u00e9tend \u00e0 67,000 m2 et 1,200,000 d\u2019oliviers. La majorit\u00e9 d\u2019oliviers est de vari\u00e9t\u00e9 d\u2019 Amphissa dont l\u2019\u00e2ge se perd durant les si\u00e8cles.","robots":{"index":"index","follow":"follow","max-snippet":"max-snippet:-1","max-image-preview":"max-image-preview:large","max-video-preview":"max-video-preview:-1"},"canonical":"https:\/\/socratesoil.gr\/fr\/notre-entreprise\/notre-oliveraie\/","og_locale":"fr_FR","og_type":"article","og_title":"Socrates Oil - Oliveraie d' Ampfissa, l\u2019 oliveraie continue la plus grande de Balkans.","og_description":"L\u2019 oliveraie traditionnelle d\u2019 Amphissa est la plus grande oliveraie continue de Balkans et s\u2019 \u00e9tend \u00e0 67,000 m2 et 1,200,000 d\u2019oliviers. La majorit\u00e9 d\u2019oliviers est de vari\u00e9t\u00e9 d\u2019 Amphissa dont l\u2019\u00e2ge se perd durant les si\u00e8cles.","og_url":"https:\/\/socratesoil.gr\/fr\/notre-entreprise\/notre-oliveraie\/","og_site_name":"Socrates Oil","article_modified_time":"2024-10-02T19:31:08+00:00","twitter_card":"summary_large_image","twitter_misc":{"Dur\u00e9e de lecture estim\u00e9e":"2 minutes"},"schema":{"@context":"https:\/\/schema.org","@graph":[{"@type":"WebPage","@id":"https:\/\/socratesoil.gr\/fr\/notre-entreprise\/notre-oliveraie\/","url":"https:\/\/socratesoil.gr\/fr\/notre-entreprise\/notre-oliveraie\/","name":"Socrates Oil - Oliveraie d' Ampfissa, l\u2019 oliveraie continue la plus grande de Balkans.","isPartOf":{"@id":"https:\/\/socratesoil.gr\/fr\/#website"},"datePublished":"2017-07-26T07:12:03+00:00","dateModified":"2024-10-02T19:31:08+00:00","description":"L\u2019 oliveraie traditionnelle d\u2019 Amphissa est la plus grande oliveraie continue de Balkans et s\u2019 \u00e9tend \u00e0 67,000 m2 et 1,200,000 d\u2019oliviers. La majorit\u00e9 d\u2019oliviers est de vari\u00e9t\u00e9 d\u2019 Amphissa dont l\u2019\u00e2ge se perd durant les si\u00e8cles.","breadcrumb":{"@id":"https:\/\/socratesoil.gr\/fr\/notre-entreprise\/notre-oliveraie\/#breadcrumb"},"inLanguage":"fr-FR","potentialAction":[{"@type":"ReadAction","target":["https:\/\/socratesoil.gr\/fr\/notre-entreprise\/notre-oliveraie\/"]}]},{"@type":"BreadcrumbList","@id":"https:\/\/socratesoil.gr\/fr\/notre-entreprise\/notre-oliveraie\/#breadcrumb","itemListElement":[{"@type":"ListItem","position":1,"name":"Home","item":"https:\/\/socratesoil.gr\/fr\/home\/"},{"@type":"ListItem","position":2,"name":"Notre entreprise","item":"https:\/\/socratesoil.gr\/fr\/notre-entreprise\/"},{"@type":"ListItem","position":3,"name":"Notre oliveraie"}]},{"@type":"WebSite","@id":"https:\/\/socratesoil.gr\/fr\/#website","url":"https:\/\/socratesoil.gr\/fr\/","name":"Socrates Oil","description":"\u0395\u03be\u03b1\u03b9\u03c1\u03b5\u03c4\u03b9\u03ba\u03cc \u03c0\u03b1\u03c1\u03b8\u03ad\u03bd\u03bf \u03b5\u03bb\u03b1\u03b9\u03cc\u03bb\u03b1\u03b4\u03bf","potentialAction":[{"@type":"SearchAction","target":{"@type":"EntryPoint","urlTemplate":"https:\/\/socratesoil.gr\/fr\/?s={search_term_string}"},"query-input":{"@type":"PropertyValueSpecification","valueRequired":true,"valueName":"search_term_string"}}],"inLanguage":"fr-FR"}]}},"_links":{"self":[{"href":"https:\/\/socratesoil.gr\/fr\/wp-json\/wp\/v2\/pages\/17536","targetHints":{"allow":["GET"]}}],"collection":[{"href":"https:\/\/socratesoil.gr\/fr\/wp-json\/wp\/v2\/pages"}],"about":[{"href":"https:\/\/socratesoil.gr\/fr\/wp-json\/wp\/v2\/types\/page"}],"author":[{"embeddable":true,"href":"https:\/\/socratesoil.gr\/fr\/wp-json\/wp\/v2\/users\/1"}],"replies":[{"embeddable":true,"href":"https:\/\/socratesoil.gr\/fr\/wp-json\/wp\/v2\/comments?post=17536"}],"version-history":[{"count":2,"href":"https:\/\/socratesoil.gr\/fr\/wp-json\/wp\/v2\/pages\/17536\/revisions"}],"predecessor-version":[{"id":17538,"href":"https:\/\/socratesoil.gr\/fr\/wp-json\/wp\/v2\/pages\/17536\/revisions\/17538"}],"up":[{"embeddable":true,"href":"https:\/\/socratesoil.gr\/fr\/wp-json\/wp\/v2\/pages\/17527"}],"wp:attachment":[{"href":"https:\/\/socratesoil.gr\/fr\/wp-json\/wp\/v2\/media?parent=17536"}],"curies":[{"name":"wp","href":"https:\/\/api.w.org\/{rel}","templated":true}]}}