{"id":17626,"date":"2017-07-26T10:53:25","date_gmt":"2017-07-26T07:53:25","guid":{"rendered":"https:\/\/socratesoil.gr\/huile-dolive-sante\/"},"modified":"2024-10-09T00:20:00","modified_gmt":"2024-10-08T21:20:00","slug":"huile-dolive-sante","status":"publish","type":"page","link":"https:\/\/socratesoil.gr\/en\/huile-dolive-sante\/","title":{"rendered":"Olive Oil &#038; Health"},"content":{"rendered":"<div class=\"wpb-content-wrapper\"><p>[vc_row css_animation=&#8221;&#8221; row_type=&#8221;row&#8221; use_row_as_full_screen_section=&#8221;no&#8221; type=&#8221;grid&#8221; angled_section=&#8221;no&#8221; text_align=&#8221;center&#8221; background_image_as_pattern=&#8221;without_pattern&#8221; css=&#8221;.vc_custom_1456908710304{padding-top: 112px !important;padding-bottom: 60px !important;}&#8221;][vc_column offset=&#8221;vc_col-lg-offset-3 vc_col-lg-6&#8243;][vc_column_text]<\/p>\n<h2>LE JUS DE FRUIT D\u2019OLIVE<\/h2>\n<p>[\/vc_column_text][vc_separator type=&#8221;transparent&#8221; up=&#8221;20&#8243; down=&#8221;0&#8243;][vc_column_text]<\/p>\n<h3>\u201cL\u2019or liquide\u201d d\u2019apr\u00e8s Hom\u00e8re et le \u201cgrand th\u00e9rapeute\u201d d\u2019apr\u00e8s Hippocrate<\/h3>\n<p>[\/vc_column_text][\/vc_column][\/vc_row][vc_row css_animation=&#8221;&#8221; row_type=&#8221;row&#8221; use_row_as_full_screen_section=&#8221;no&#8221; type=&#8221;full_width&#8221; angled_section=&#8221;no&#8221; text_align=&#8221;left&#8221; background_image_as_pattern=&#8221;without_pattern&#8221;][vc_column][vc_column_text]<\/p>\n<p>[\/vc_column_text][\/vc_column][\/vc_row][vc_row css_animation=&#8221;&#8221; row_type=&#8221;row&#8221; use_row_as_full_screen_section=&#8221;no&#8221; type=&#8221;grid&#8221; angled_section=&#8221;no&#8221; text_align=&#8221;left&#8221; background_image_as_pattern=&#8221;without_pattern&#8221;][vc_column][vc_gallery type=&#8221;flexslider_slide&#8221; interval=&#8221;3&#8243; images=&#8221;15447,15448,15446,15484,15483&#8243; img_size=&#8221;full&#8221; direction_nav=&#8221;yes&#8221; control_nav=&#8221;no&#8221; frame=&#8221;no&#8221;][\/vc_column][\/vc_row][vc_row css_animation=&#8221;&#8221; row_type=&#8221;row&#8221; use_row_as_full_screen_section=&#8221;no&#8221; type=&#8221;full_width&#8221; angled_section=&#8221;no&#8221; text_align=&#8221;left&#8221; background_image_as_pattern=&#8221;without_pattern&#8221;][vc_column][vc_column_text]<\/p>\n<p>[\/vc_column_text][\/vc_column][\/vc_row][vc_row css_animation=&#8221;&#8221; row_type=&#8221;row&#8221; use_row_as_full_screen_section=&#8221;no&#8221; type=&#8221;grid&#8221; angled_section=&#8221;no&#8221; text_align=&#8221;left&#8221; background_image_as_pattern=&#8221;without_pattern&#8221; css=&#8221;.vc_custom_1458125096985{padding-bottom: 150px !important;}&#8221;][vc_column width=&#8221;1\/2&#8243;][vc_column_text]Dans le code d\u2019Hippocrate, plus de 60 usages m\u00e9dicaux de l\u2019huile d\u2019olive sont mentionn\u00e9es.<\/p>\n<p>&nbsp;<\/p>\n<p>Des \u00e9tudes de derni\u00e8res ann\u00e9es, lesquelles sont bas\u00e9es sur les bienfaits de l\u2019huile d\u2019olive sur le corps humain, ont prouv\u00e9es que la consommation de l\u2019huile offre une certaine aide pour se battre contre les maladies cardiovasculaires.<\/p>\n<p>&nbsp;<\/p>\n<p>Une \u00e9tude clinique r\u00e9cente qui a eu lieu sous la surveillance du directeur du centre d\u2019olive de l\u2019universit\u00e9 de Californie, Dan Flynn, et a \u00e9t\u00e9 r\u00e9alis\u00e9e par des sp\u00e9cialistes grecs et \u00e9trangers, a constat\u00e9 l\u2019impact b\u00e9n\u00e9fique de la consommation de l\u2019huile d\u2019olive sur l\u2019organisme humain.[\/vc_column_text][vc_separator type=&#8221;transparent&#8221; thickness=&#8221;0&#8243; up=&#8221;0&#8243; down=&#8221;32&#8243;][\/vc_column][vc_column width=&#8221;1\/2&#8243;][vc_column_text]Dans le cadre de cette enqu\u00eate on a mis \u00e0 l\u2019\u00e9preuve des huiles d\u2019olive choisies apr\u00e8s une analyse par la facult\u00e9 de pharmacie de l\u2019universit\u00e9 d\u2019Ath\u00e8nes.<\/p>\n<p>&nbsp;<\/p>\n<p>Des gens sains, de 25 ans environ, ont fait partie de cette recherche. On a r\u00e9alis\u00e9 alors pour la premi\u00e8re fois que l\u2019huile d\u2019olive vierge grecque, riche en oleocanthal peut prot\u00e9ger le syst\u00e8me cardiovasculaire humain. <\/p>\n<p>&nbsp;<\/p>\n<p>Les ph\u00e9nols et l\u2019oleuropein contenus \u00e0 l\u2019huile d\u2019olive, rendent son go\u00fbt \u00e2cre et provoque une brulure \u00e0 la gorge.<\/p>\n<p>&nbsp;<\/p>\n<p>La quantit\u00e9 d\u2019oleuropein varie en fonction de la vari\u00e9t\u00e9 de l\u2019olive, du climat et de la m\u00e9thode d\u2019extraction de l\u2019huile d\u2019olive dans l\u2019oliveraie.[\/vc_column_text][\/vc_column][\/vc_row]<\/p>\n<\/div>","protected":false},"excerpt":{"rendered":"<p>[vc_row css_animation=&#8221;&#8221; row_type=&#8221;row&#8221; use_row_as_full_screen_section=&#8221;no&#8221; type=&#8221;grid&#8221; angled_section=&#8221;no&#8221; text_align=&#8221;center&#8221; background_image_as_pattern=&#8221;without_pattern&#8221; css=&#8221;.vc_custom_1456908710304{padding-top: 112px !important;padding-bottom: 60px !important;}&#8221;][vc_column offset=&#8221;vc_col-lg-offset-3 vc_col-lg-6&#8243;][vc_column_text] LE JUS DE FRUIT D\u2019OLIVE [\/vc_column_text][vc_separator type=&#8221;transparent&#8221; up=&#8221;20&#8243; down=&#8221;0&#8243;][vc_column_text] \u201cL\u2019or liquide\u201d d\u2019apr\u00e8s Hom\u00e8re et le \u201cgrand th\u00e9rapeute\u201d d\u2019apr\u00e8s Hippocrate [\/vc_column_text][\/vc_column][\/vc_row][vc_row css_animation=&#8221;&#8221; row_type=&#8221;row&#8221; use_row_as_full_screen_section=&#8221;no&#8221; type=&#8221;full_width&#8221; angled_section=&#8221;no&#8221; text_align=&#8221;left&#8221; background_image_as_pattern=&#8221;without_pattern&#8221;][vc_column][vc_column_text] [\/vc_column_text][\/vc_column][\/vc_row][vc_row css_animation=&#8221;&#8221; row_type=&#8221;row&#8221;&#8230;<\/p>\n","protected":false},"author":1,"featured_media":0,"parent":0,"menu_order":0,"comment_status":"closed","ping_status":"closed","template":"full_width.php","meta":{"_exactmetrics_skip_tracking":false,"_exactmetrics_sitenote_active":false,"_exactmetrics_sitenote_note":"","_exactmetrics_sitenote_category":0,"footnotes":""},"class_list":["post-17626","page","type-page","status-publish","hentry"],"yoast_head":"<!-- This site is optimized with the Yoast SEO plugin v24.1 - https:\/\/yoast.com\/wordpress\/plugins\/seo\/ -->\n<title>Socrates Oil - Huile d\u2019olive Sant\u00e9, l\u2019or liquide<\/title>\n<meta name=\"description\" content=\"Des \u00e9tudes de derni\u00e8res ann\u00e9es, lesquelles sont bas\u00e9es sur les bienfaits de l\u2019huile d\u2019olive sur le corps humain, ont prouv\u00e9es que la consommation de l\u2019huile offre une certaine aide pour se battre contre les maladies cardiovasculaires.\" \/>\n<meta name=\"robots\" content=\"index, follow, max-snippet:-1, max-image-preview:large, max-video-preview:-1\" \/>\n<link rel=\"canonical\" href=\"https:\/\/socratesoil.gr\/en\/huile-dolive-sante\/\" \/>\n<meta property=\"og:locale\" content=\"en_US\" \/>\n<meta property=\"og:type\" content=\"article\" \/>\n<meta property=\"og:title\" content=\"Socrates Oil - Huile d\u2019olive Sant\u00e9, l\u2019or liquide\" \/>\n<meta property=\"og:description\" content=\"Des \u00e9tudes de derni\u00e8res ann\u00e9es, lesquelles sont bas\u00e9es sur les bienfaits de l\u2019huile d\u2019olive sur le corps humain, ont prouv\u00e9es que la consommation de l\u2019huile offre une certaine aide pour se battre contre les maladies cardiovasculaires.\" \/>\n<meta property=\"og:url\" content=\"https:\/\/socratesoil.gr\/en\/huile-dolive-sante\/\" \/>\n<meta property=\"og:site_name\" content=\"Socrates Oil\" \/>\n<meta property=\"article:modified_time\" content=\"2024-10-08T21:20:00+00:00\" \/>\n<meta name=\"twitter:card\" content=\"summary_large_image\" \/>\n<meta name=\"twitter:label1\" content=\"Est. reading time\" \/>\n\t<meta name=\"twitter:data1\" content=\"3 minutes\" \/>\n<script type=\"application\/ld+json\" class=\"yoast-schema-graph\">{\"@context\":\"https:\/\/schema.org\",\"@graph\":[{\"@type\":\"WebPage\",\"@id\":\"https:\/\/socratesoil.gr\/en\/huile-dolive-sante\/\",\"url\":\"https:\/\/socratesoil.gr\/en\/huile-dolive-sante\/\",\"name\":\"Socrates Oil - Huile d\u2019olive Sant\u00e9, l\u2019or liquide\",\"isPartOf\":{\"@id\":\"https:\/\/socratesoil.gr\/en\/#website\"},\"datePublished\":\"2017-07-26T07:53:25+00:00\",\"dateModified\":\"2024-10-08T21:20:00+00:00\",\"description\":\"Des \u00e9tudes de derni\u00e8res ann\u00e9es, lesquelles sont bas\u00e9es sur les bienfaits de l\u2019huile d\u2019olive sur le corps humain, ont prouv\u00e9es que la consommation de l\u2019huile offre une certaine aide pour se battre contre les maladies cardiovasculaires.\",\"breadcrumb\":{\"@id\":\"https:\/\/socratesoil.gr\/en\/huile-dolive-sante\/#breadcrumb\"},\"inLanguage\":\"en-US\",\"potentialAction\":[{\"@type\":\"ReadAction\",\"target\":[\"https:\/\/socratesoil.gr\/en\/huile-dolive-sante\/\"]}]},{\"@type\":\"BreadcrumbList\",\"@id\":\"https:\/\/socratesoil.gr\/en\/huile-dolive-sante\/#breadcrumb\",\"itemListElement\":[{\"@type\":\"ListItem\",\"position\":1,\"name\":\"Home\",\"item\":\"https:\/\/socratesoil.gr\/en\/home\/\"},{\"@type\":\"ListItem\",\"position\":2,\"name\":\"Olive Oil &#038; Health\"}]},{\"@type\":\"WebSite\",\"@id\":\"https:\/\/socratesoil.gr\/en\/#website\",\"url\":\"https:\/\/socratesoil.gr\/en\/\",\"name\":\"Socrates Oil\",\"description\":\"\u0395\u03be\u03b1\u03b9\u03c1\u03b5\u03c4\u03b9\u03ba\u03cc \u03c0\u03b1\u03c1\u03b8\u03ad\u03bd\u03bf \u03b5\u03bb\u03b1\u03b9\u03cc\u03bb\u03b1\u03b4\u03bf\",\"potentialAction\":[{\"@type\":\"SearchAction\",\"target\":{\"@type\":\"EntryPoint\",\"urlTemplate\":\"https:\/\/socratesoil.gr\/en\/?s={search_term_string}\"},\"query-input\":{\"@type\":\"PropertyValueSpecification\",\"valueRequired\":true,\"valueName\":\"search_term_string\"}}],\"inLanguage\":\"en-US\"}]}<\/script>\n<!-- \/ Yoast SEO plugin. -->","yoast_head_json":{"title":"Socrates Oil - Huile d\u2019olive Sant\u00e9, l\u2019or liquide","description":"Des \u00e9tudes de derni\u00e8res ann\u00e9es, lesquelles sont bas\u00e9es sur les bienfaits de l\u2019huile d\u2019olive sur le corps humain, ont prouv\u00e9es que la consommation de l\u2019huile offre une certaine aide pour se battre contre les maladies cardiovasculaires.","robots":{"index":"index","follow":"follow","max-snippet":"max-snippet:-1","max-image-preview":"max-image-preview:large","max-video-preview":"max-video-preview:-1"},"canonical":"https:\/\/socratesoil.gr\/en\/huile-dolive-sante\/","og_locale":"en_US","og_type":"article","og_title":"Socrates Oil - Huile d\u2019olive Sant\u00e9, l\u2019or liquide","og_description":"Des \u00e9tudes de derni\u00e8res ann\u00e9es, lesquelles sont bas\u00e9es sur les bienfaits de l\u2019huile d\u2019olive sur le corps humain, ont prouv\u00e9es que la consommation de l\u2019huile offre une certaine aide pour se battre contre les maladies cardiovasculaires.","og_url":"https:\/\/socratesoil.gr\/en\/huile-dolive-sante\/","og_site_name":"Socrates Oil","article_modified_time":"2024-10-08T21:20:00+00:00","twitter_card":"summary_large_image","twitter_misc":{"Est. reading time":"3 minutes"},"schema":{"@context":"https:\/\/schema.org","@graph":[{"@type":"WebPage","@id":"https:\/\/socratesoil.gr\/en\/huile-dolive-sante\/","url":"https:\/\/socratesoil.gr\/en\/huile-dolive-sante\/","name":"Socrates Oil - Huile d\u2019olive Sant\u00e9, l\u2019or liquide","isPartOf":{"@id":"https:\/\/socratesoil.gr\/en\/#website"},"datePublished":"2017-07-26T07:53:25+00:00","dateModified":"2024-10-08T21:20:00+00:00","description":"Des \u00e9tudes de derni\u00e8res ann\u00e9es, lesquelles sont bas\u00e9es sur les bienfaits de l\u2019huile d\u2019olive sur le corps humain, ont prouv\u00e9es que la consommation de l\u2019huile offre une certaine aide pour se battre contre les maladies cardiovasculaires.","breadcrumb":{"@id":"https:\/\/socratesoil.gr\/en\/huile-dolive-sante\/#breadcrumb"},"inLanguage":"en-US","potentialAction":[{"@type":"ReadAction","target":["https:\/\/socratesoil.gr\/en\/huile-dolive-sante\/"]}]},{"@type":"BreadcrumbList","@id":"https:\/\/socratesoil.gr\/en\/huile-dolive-sante\/#breadcrumb","itemListElement":[{"@type":"ListItem","position":1,"name":"Home","item":"https:\/\/socratesoil.gr\/en\/home\/"},{"@type":"ListItem","position":2,"name":"Olive Oil &#038; Health"}]},{"@type":"WebSite","@id":"https:\/\/socratesoil.gr\/en\/#website","url":"https:\/\/socratesoil.gr\/en\/","name":"Socrates Oil","description":"\u0395\u03be\u03b1\u03b9\u03c1\u03b5\u03c4\u03b9\u03ba\u03cc \u03c0\u03b1\u03c1\u03b8\u03ad\u03bd\u03bf \u03b5\u03bb\u03b1\u03b9\u03cc\u03bb\u03b1\u03b4\u03bf","potentialAction":[{"@type":"SearchAction","target":{"@type":"EntryPoint","urlTemplate":"https:\/\/socratesoil.gr\/en\/?s={search_term_string}"},"query-input":{"@type":"PropertyValueSpecification","valueRequired":true,"valueName":"search_term_string"}}],"inLanguage":"en-US"}]}},"_links":{"self":[{"href":"https:\/\/socratesoil.gr\/en\/wp-json\/wp\/v2\/pages\/17626","targetHints":{"allow":["GET"]}}],"collection":[{"href":"https:\/\/socratesoil.gr\/en\/wp-json\/wp\/v2\/pages"}],"about":[{"href":"https:\/\/socratesoil.gr\/en\/wp-json\/wp\/v2\/types\/page"}],"author":[{"embeddable":true,"href":"https:\/\/socratesoil.gr\/en\/wp-json\/wp\/v2\/users\/1"}],"replies":[{"embeddable":true,"href":"https:\/\/socratesoil.gr\/en\/wp-json\/wp\/v2\/comments?post=17626"}],"version-history":[{"count":3,"href":"https:\/\/socratesoil.gr\/en\/wp-json\/wp\/v2\/pages\/17626\/revisions"}],"predecessor-version":[{"id":17665,"href":"https:\/\/socratesoil.gr\/en\/wp-json\/wp\/v2\/pages\/17626\/revisions\/17665"}],"wp:attachment":[{"href":"https:\/\/socratesoil.gr\/en\/wp-json\/wp\/v2\/media?parent=17626"}],"curies":[{"name":"wp","href":"https:\/\/api.w.org\/{rel}","templated":true}]}}