{"id":17635,"date":"2017-07-26T23:13:45","date_gmt":"2017-07-26T20:13:45","guid":{"rendered":"https:\/\/socratesoil.gr\/unser-unternehmen\/unsere-firma-bescheinigungen\/"},"modified":"2024-10-08T00:09:34","modified_gmt":"2024-10-07T21:09:34","slug":"unsere-firma-bescheinigungen","status":"publish","type":"page","link":"https:\/\/socratesoil.gr\/de\/unser-unternehmen\/unsere-firma-bescheinigungen\/","title":{"rendered":"Unsere Firma &amp; Bescheinigungen"},"content":{"rendered":"<div class=\"wpb-content-wrapper\"><p>[vc_row css_animation=&#8220;&#8220; row_type=&#8220;row&#8220; use_row_as_full_screen_section=&#8220;no&#8220; type=&#8220;grid&#8220; angled_section=&#8220;no&#8220; text_align=&#8220;center&#8220; background_image_as_pattern=&#8220;without_pattern&#8220; css=&#8220;.vc_custom_1456908710304{padding-top: 112px !important;padding-bottom: 60px !important;}&#8220;][vc_column offset=&#8220;vc_col-lg-offset-3 vc_col-lg-6&#8243;][vc_column_text]<\/p>\n<h2>Socrates Oil<\/h2>\n<p>[\/vc_column_text][vc_separator type=&#8220;transparent&#8220; up=&#8220;20&#8243; down=&#8220;0&#8243;][vc_column_text]<\/p>\n<h3>Ausgezeichnetes und erstklassiges natives Oliven\u00f6l<\/h3>\n<p>[\/vc_column_text][\/vc_column][\/vc_row][vc_row css_animation=&#8220;&#8220; row_type=&#8220;row&#8220; use_row_as_full_screen_section=&#8220;no&#8220; type=&#8220;full_width&#8220; angled_section=&#8220;no&#8220; text_align=&#8220;left&#8220; background_image_as_pattern=&#8220;without_pattern&#8220;][vc_column][vc_column_text]<\/p>\n<p>[\/vc_column_text][\/vc_column][\/vc_row][vc_row css_animation=&#8220;&#8220; row_type=&#8220;row&#8220; use_row_as_full_screen_section=&#8220;no&#8220; type=&#8220;grid&#8220; angled_section=&#8220;no&#8220; text_align=&#8220;left&#8220; background_image_as_pattern=&#8220;without_pattern&#8220;][vc_column][vc_gallery type=&#8220;flexslider_slide&#8220; interval=&#8220;3&#8243; images=&#8220;15530,15477,15490&#8243; img_size=&#8220;full&#8220; direction_nav=&#8220;yes&#8220; control_nav=&#8220;no&#8220; frame=&#8220;no&#8220;][\/vc_column][\/vc_row][vc_row css_animation=&#8220;&#8220; row_type=&#8220;row&#8220; use_row_as_full_screen_section=&#8220;no&#8220; type=&#8220;full_width&#8220; angled_section=&#8220;no&#8220; text_align=&#8220;left&#8220; background_image_as_pattern=&#8220;without_pattern&#8220;][vc_column][vc_column_text]<\/p>\n<p>[\/vc_column_text][\/vc_column][\/vc_row][vc_row css_animation=&#8220;&#8220; row_type=&#8220;row&#8220; use_row_as_full_screen_section=&#8220;no&#8220; type=&#8220;grid&#8220; angled_section=&#8220;no&#8220; text_align=&#8220;left&#8220; background_image_as_pattern=&#8220;without_pattern&#8220; css=&#8220;.vc_custom_1578471865265{padding-bottom: 150px !important;}&#8220; z_index=&#8220;&#8220;][vc_column width=&#8220;1\/2&#8243;][vc_column_text]Unser Betrieb ist ein Familienunternehmen, das aus Liebe zu unserer Region, dem Olivenbaum und dem Oliven\u00f6l hoher Qualit\u00e4t entstanden ist.&nbsp; Von Delphi, dem Zentrum der Welt w\u00e4hrend des Altertums, und seit 2014 produzieren wir das ausgezeichnete native Oliven\u00f6l extra premium <strong>\u00ab<\/strong><strong>SOCRATES<\/strong> <strong>OIL<\/strong><strong>\u00bb<\/strong> und die Oliven Amfissa (g.U.) <strong>\u00ab<\/strong><strong>SOCRATES<\/strong> <strong>OLIVE<\/strong><strong>\u00bb.<\/strong>&nbsp; Ziel unseres Betriebes ist die Produktion eines extra nativen Oliven\u00f6ls von absoluter Spitzenqualit\u00e4t, nach der traditionellen Anbauweise und Pflege der Olivenb\u00e4ume. Wir produzieren somit ein hoch qualitatives Oliven\u00f6l, mit besonderen Aroma -Richtungen und charakteristischem Nachgeschmack.[\/vc_column_text][vc_empty_space height=&#8220;24px&#8220;][vc_single_image image=&#8220;16231&#8243; img_size=&#8220;full&#8220; qode_css_animation=&#8220;&#8220;][vc_empty_space height=&#8220;12px&#8220;][vc_single_image image=&#8220;16286&#8243; img_size=&#8220;full&#8220; qode_css_animation=&#8220;&#8220;][vc_separator type=&#8220;transparent&#8220; thickness=&#8220;0&#8243; up=&#8220;0&#8243; down=&#8220;32&#8243;][\/vc_column][vc_column width=&#8220;1\/2&#8243;][vc_column_text]<\/p>\n<h3>Bescheinigungen<\/h3>\n<p>&nbsp;<\/p>\n<h5><a href=\"https:\/\/socratesoil.gr\/wp-content\/uploads\/2016\/03\/lamia_chemistry.pdf\" target=\"_blank\" rel=\"noopener\"><i class=\"fa fa-file-pdf-o\" aria-hidden=\"true\"><\/i> Ergebnisbericht der Laboruntersuchung \u2013 Chemielaboratorium Lamia (Gr)<\/a><\/h5>\n<h5><a href=\"https:\/\/socratesoil.gr\/wp-content\/uploads\/2016\/03\/SOCRATES_OIL_aromas_Gr.pdf\" target=\"_blank\" rel=\"noopener\"><i class=\"fa fa-file-pdf-o\" aria-hidden=\"true\"><\/i> Analysedaten der Aromakomponenten \u2013 Untersuchung (Gr)<\/a><\/h5>\n<h5><a href=\"https:\/\/socratesoil.gr\/wp-content\/uploads\/2016\/03\/SOCRATES_OIL_taste_analysis.pdf\" target=\"_blank\" rel=\"noopener\"><i class=\"fa fa-file-pdf-o\" aria-hidden=\"true\"><\/i> Bericht der Verkostungsanalyse nativen Oliven\u00f6ls (Gr)<\/a><\/h5>\n<h5><a href=\"https:\/\/socratesoil.gr\/wp-content\/uploads\/2016\/03\/2.pdf\" target=\"_blank\" rel=\"noopener\"><i class=\"fa fa-file-pdf-o\" aria-hidden=\"true\"><\/i> Ergebnisbericht der Laboruntersuchung \u2013 Chemielaboratorium Lamia (En)<\/a><\/h5>\n<h5><a href=\"https:\/\/socratesoil.gr\/wp-content\/uploads\/2016\/03\/3.pdf\" target=\"_blank\" rel=\"noopener\"><i class=\"fa fa-file-pdf-o\" aria-hidden=\"true\"><\/i> Analysedaten der Aromakomponenten \u2013 Untersuchung (En)<\/a><\/h5>\n<h5><a href=\"https:\/\/socratesoil.gr\/wp-content\/uploads\/2016\/03\/4.pdf\" target=\"_blank\" rel=\"noopener\"><i class=\"fa fa-file-pdf-o\" aria-hidden=\"true\"><\/i> Bericht der Verkostungsanalyse nativen Oliven\u00f6ls (En)<\/a><\/h5>\n<p>[\/vc_column_text][vc_empty_space height=&#8220;24px&#8220;][vc_column_text]<\/p>\n<h3>Gallery<\/h3>\n<p>[\/vc_column_text][vc_empty_space height=&#8220;24px&#8220;][vc_gallery type=&#8220;image_grid&#8220; images=&#8220;16183,16184&#8243; img_size=&#8220;large&#8220; column_number=&#8220;2&#8243; grayscale=&#8220;yes&#8220; images_space=&#8220;gallery_with_space&#8220;][\/vc_column][\/vc_row]<\/p>\n<\/div>","protected":false},"excerpt":{"rendered":"<p>[vc_row css_animation=&#8220;&#8220; row_type=&#8220;row&#8220; use_row_as_full_screen_section=&#8220;no&#8220; type=&#8220;grid&#8220; angled_section=&#8220;no&#8220; text_align=&#8220;center&#8220; background_image_as_pattern=&#8220;without_pattern&#8220; css=&#8220;.vc_custom_1456908710304{padding-top: 112px !important;padding-bottom: 60px !important;}&#8220;][vc_column offset=&#8220;vc_col-lg-offset-3 vc_col-lg-6&#8243;][vc_column_text] Socrates Oil [\/vc_column_text][vc_separator type=&#8220;transparent&#8220; up=&#8220;20&#8243; down=&#8220;0&#8243;][vc_column_text] Ausgezeichnetes und erstklassiges natives Oliven\u00f6l [\/vc_column_text][\/vc_column][\/vc_row][vc_row css_animation=&#8220;&#8220; row_type=&#8220;row&#8220; use_row_as_full_screen_section=&#8220;no&#8220; type=&#8220;full_width&#8220; angled_section=&#8220;no&#8220; text_align=&#8220;left&#8220; background_image_as_pattern=&#8220;without_pattern&#8220;][vc_column][vc_column_text] [\/vc_column_text][\/vc_column][\/vc_row][vc_row css_animation=&#8220;&#8220; row_type=&#8220;row&#8220; use_row_as_full_screen_section=&#8220;no&#8220; type=&#8220;grid&#8220; angled_section=&#8220;no&#8220; text_align=&#8220;left&#8220; background_image_as_pattern=&#8220;without_pattern&#8220;][vc_column][vc_gallery type=&#8220;flexslider_slide&#8220; interval=&#8220;3&#8243; images=&#8220;15530,15477,15490&#8243;&#8230;<\/p>\n","protected":false},"author":1,"featured_media":0,"parent":17530,"menu_order":0,"comment_status":"closed","ping_status":"closed","template":"full_width.php","meta":{"_exactmetrics_skip_tracking":false,"_exactmetrics_sitenote_active":false,"_exactmetrics_sitenote_note":"","_exactmetrics_sitenote_category":0,"footnotes":""},"class_list":["post-17635","page","type-page","status-publish","hentry"],"yoast_head":"<!-- This site is optimized with the Yoast SEO plugin v24.1 - https:\/\/yoast.com\/wordpress\/plugins\/seo\/ -->\n<title>Socrates Oil - Unsere Firma<\/title>\n<meta name=\"description\" content=\"Unsere Firma ist ein Familienunternehmen, das aus Liebe zu unserem Ort, Oliven\u00f6l und Qualit\u00e4ts-Oliven\u00f6l entstanden ist.\" \/>\n<meta name=\"robots\" content=\"index, follow, max-snippet:-1, max-image-preview:large, max-video-preview:-1\" \/>\n<link rel=\"canonical\" href=\"https:\/\/socratesoil.gr\/de\/unser-unternehmen\/unsere-firma-bescheinigungen\/\" \/>\n<meta property=\"og:locale\" content=\"de_DE\" \/>\n<meta property=\"og:type\" content=\"article\" \/>\n<meta property=\"og:title\" content=\"Socrates Oil - Unsere Firma\" \/>\n<meta property=\"og:description\" content=\"Unsere Firma ist ein Familienunternehmen, das aus Liebe zu unserem Ort, Oliven\u00f6l und Qualit\u00e4ts-Oliven\u00f6l entstanden ist.\" \/>\n<meta property=\"og:url\" content=\"https:\/\/socratesoil.gr\/de\/unser-unternehmen\/unsere-firma-bescheinigungen\/\" \/>\n<meta property=\"og:site_name\" content=\"Socrates Oil\" \/>\n<meta property=\"article:modified_time\" content=\"2024-10-07T21:09:34+00:00\" \/>\n<meta name=\"twitter:card\" content=\"summary_large_image\" \/>\n<meta name=\"twitter:label1\" content=\"Gesch\u00e4tzte Lesezeit\" \/>\n\t<meta name=\"twitter:data1\" content=\"2\u00a0Minuten\" \/>\n<script type=\"application\/ld+json\" class=\"yoast-schema-graph\">{\"@context\":\"https:\/\/schema.org\",\"@graph\":[{\"@type\":\"WebPage\",\"@id\":\"https:\/\/socratesoil.gr\/de\/unser-unternehmen\/unsere-firma-bescheinigungen\/\",\"url\":\"https:\/\/socratesoil.gr\/de\/unser-unternehmen\/unsere-firma-bescheinigungen\/\",\"name\":\"Socrates Oil - Unsere Firma\",\"isPartOf\":{\"@id\":\"https:\/\/socratesoil.gr\/de\/#website\"},\"datePublished\":\"2017-07-26T20:13:45+00:00\",\"dateModified\":\"2024-10-07T21:09:34+00:00\",\"description\":\"Unsere Firma ist ein Familienunternehmen, das aus Liebe zu unserem Ort, Oliven\u00f6l und Qualit\u00e4ts-Oliven\u00f6l entstanden ist.\",\"breadcrumb\":{\"@id\":\"https:\/\/socratesoil.gr\/de\/unser-unternehmen\/unsere-firma-bescheinigungen\/#breadcrumb\"},\"inLanguage\":\"de\",\"potentialAction\":[{\"@type\":\"ReadAction\",\"target\":[\"https:\/\/socratesoil.gr\/de\/unser-unternehmen\/unsere-firma-bescheinigungen\/\"]}]},{\"@type\":\"BreadcrumbList\",\"@id\":\"https:\/\/socratesoil.gr\/de\/unser-unternehmen\/unsere-firma-bescheinigungen\/#breadcrumb\",\"itemListElement\":[{\"@type\":\"ListItem\",\"position\":1,\"name\":\"Home\",\"item\":\"https:\/\/socratesoil.gr\/de\/home\/\"},{\"@type\":\"ListItem\",\"position\":2,\"name\":\"Unser Unternehmen\",\"item\":\"https:\/\/socratesoil.gr\/de\/unser-unternehmen\/\"},{\"@type\":\"ListItem\",\"position\":3,\"name\":\"Unsere Firma &amp; Bescheinigungen\"}]},{\"@type\":\"WebSite\",\"@id\":\"https:\/\/socratesoil.gr\/de\/#website\",\"url\":\"https:\/\/socratesoil.gr\/de\/\",\"name\":\"Socrates Oil\",\"description\":\"\u0395\u03be\u03b1\u03b9\u03c1\u03b5\u03c4\u03b9\u03ba\u03cc \u03c0\u03b1\u03c1\u03b8\u03ad\u03bd\u03bf \u03b5\u03bb\u03b1\u03b9\u03cc\u03bb\u03b1\u03b4\u03bf\",\"potentialAction\":[{\"@type\":\"SearchAction\",\"target\":{\"@type\":\"EntryPoint\",\"urlTemplate\":\"https:\/\/socratesoil.gr\/de\/?s={search_term_string}\"},\"query-input\":{\"@type\":\"PropertyValueSpecification\",\"valueRequired\":true,\"valueName\":\"search_term_string\"}}],\"inLanguage\":\"de\"}]}<\/script>\n<!-- \/ Yoast SEO plugin. -->","yoast_head_json":{"title":"Socrates Oil - Unsere Firma","description":"Unsere Firma ist ein Familienunternehmen, das aus Liebe zu unserem Ort, Oliven\u00f6l und Qualit\u00e4ts-Oliven\u00f6l entstanden ist.","robots":{"index":"index","follow":"follow","max-snippet":"max-snippet:-1","max-image-preview":"max-image-preview:large","max-video-preview":"max-video-preview:-1"},"canonical":"https:\/\/socratesoil.gr\/de\/unser-unternehmen\/unsere-firma-bescheinigungen\/","og_locale":"de_DE","og_type":"article","og_title":"Socrates Oil - Unsere Firma","og_description":"Unsere Firma ist ein Familienunternehmen, das aus Liebe zu unserem Ort, Oliven\u00f6l und Qualit\u00e4ts-Oliven\u00f6l entstanden ist.","og_url":"https:\/\/socratesoil.gr\/de\/unser-unternehmen\/unsere-firma-bescheinigungen\/","og_site_name":"Socrates Oil","article_modified_time":"2024-10-07T21:09:34+00:00","twitter_card":"summary_large_image","twitter_misc":{"Gesch\u00e4tzte Lesezeit":"2\u00a0Minuten"},"schema":{"@context":"https:\/\/schema.org","@graph":[{"@type":"WebPage","@id":"https:\/\/socratesoil.gr\/de\/unser-unternehmen\/unsere-firma-bescheinigungen\/","url":"https:\/\/socratesoil.gr\/de\/unser-unternehmen\/unsere-firma-bescheinigungen\/","name":"Socrates Oil - Unsere Firma","isPartOf":{"@id":"https:\/\/socratesoil.gr\/de\/#website"},"datePublished":"2017-07-26T20:13:45+00:00","dateModified":"2024-10-07T21:09:34+00:00","description":"Unsere Firma ist ein Familienunternehmen, das aus Liebe zu unserem Ort, Oliven\u00f6l und Qualit\u00e4ts-Oliven\u00f6l entstanden ist.","breadcrumb":{"@id":"https:\/\/socratesoil.gr\/de\/unser-unternehmen\/unsere-firma-bescheinigungen\/#breadcrumb"},"inLanguage":"de","potentialAction":[{"@type":"ReadAction","target":["https:\/\/socratesoil.gr\/de\/unser-unternehmen\/unsere-firma-bescheinigungen\/"]}]},{"@type":"BreadcrumbList","@id":"https:\/\/socratesoil.gr\/de\/unser-unternehmen\/unsere-firma-bescheinigungen\/#breadcrumb","itemListElement":[{"@type":"ListItem","position":1,"name":"Home","item":"https:\/\/socratesoil.gr\/de\/home\/"},{"@type":"ListItem","position":2,"name":"Unser Unternehmen","item":"https:\/\/socratesoil.gr\/de\/unser-unternehmen\/"},{"@type":"ListItem","position":3,"name":"Unsere Firma &amp; Bescheinigungen"}]},{"@type":"WebSite","@id":"https:\/\/socratesoil.gr\/de\/#website","url":"https:\/\/socratesoil.gr\/de\/","name":"Socrates Oil","description":"\u0395\u03be\u03b1\u03b9\u03c1\u03b5\u03c4\u03b9\u03ba\u03cc \u03c0\u03b1\u03c1\u03b8\u03ad\u03bd\u03bf \u03b5\u03bb\u03b1\u03b9\u03cc\u03bb\u03b1\u03b4\u03bf","potentialAction":[{"@type":"SearchAction","target":{"@type":"EntryPoint","urlTemplate":"https:\/\/socratesoil.gr\/de\/?s={search_term_string}"},"query-input":{"@type":"PropertyValueSpecification","valueRequired":true,"valueName":"search_term_string"}}],"inLanguage":"de"}]}},"_links":{"self":[{"href":"https:\/\/socratesoil.gr\/de\/wp-json\/wp\/v2\/pages\/17635","targetHints":{"allow":["GET"]}}],"collection":[{"href":"https:\/\/socratesoil.gr\/de\/wp-json\/wp\/v2\/pages"}],"about":[{"href":"https:\/\/socratesoil.gr\/de\/wp-json\/wp\/v2\/types\/page"}],"author":[{"embeddable":true,"href":"https:\/\/socratesoil.gr\/de\/wp-json\/wp\/v2\/users\/1"}],"replies":[{"embeddable":true,"href":"https:\/\/socratesoil.gr\/de\/wp-json\/wp\/v2\/comments?post=17635"}],"version-history":[{"count":2,"href":"https:\/\/socratesoil.gr\/de\/wp-json\/wp\/v2\/pages\/17635\/revisions"}],"predecessor-version":[{"id":17637,"href":"https:\/\/socratesoil.gr\/de\/wp-json\/wp\/v2\/pages\/17635\/revisions\/17637"}],"up":[{"embeddable":true,"href":"https:\/\/socratesoil.gr\/de\/wp-json\/wp\/v2\/pages\/17530"}],"wp:attachment":[{"href":"https:\/\/socratesoil.gr\/de\/wp-json\/wp\/v2\/media?parent=17635"}],"curies":[{"name":"wp","href":"https:\/\/api.w.org\/{rel}","templated":true}]}}