{"id":17592,"date":"2015-04-20T14:14:09","date_gmt":"2015-04-20T11:14:09","guid":{"rendered":"https:\/\/socratesoil.gr\/blog\/"},"modified":"2024-10-06T01:18:33","modified_gmt":"2024-10-05T22:18:33","slug":"blog","status":"publish","type":"page","link":"https:\/\/socratesoil.gr\/de\/blog\/","title":{"rendered":"Blog"},"content":{"rendered":"<div class=\"wpb-content-wrapper\"><p>[vc_row][vc_column width=&#8220;1\/1&#8243;][vc_separator type=&#8220;transparent&#8220; position=&#8220;center&#8220; width_in_percentages=&#8220;&#8220; up=&#8220;43&#8243; down=&#8220;0&#8243;][\/vc_column][\/vc_row]<\/p>\n<\/div>","protected":false},"excerpt":{"rendered":"<p>[vc_row][vc_column width=&#8220;1\/1&#8243;][vc_separator type=&#8220;transparent&#8220; position=&#8220;center&#8220; width_in_percentages=&#8220;&#8220; up=&#8220;43&#8243; down=&#8220;0&#8243;][\/vc_column][\/vc_row]<\/p>\n","protected":false},"author":1,"featured_media":0,"parent":0,"menu_order":0,"comment_status":"open","ping_status":"closed","template":"blog-pinterest.php","meta":{"_exactmetrics_skip_tracking":false,"_exactmetrics_sitenote_active":false,"_exactmetrics_sitenote_note":"","_exactmetrics_sitenote_category":0,"footnotes":""},"class_list":["post-17592","page","type-page","status-publish","hentry"],"yoast_head":"<!-- This site is optimized with the Yoast SEO plugin v24.1 - https:\/\/yoast.com\/wordpress\/plugins\/seo\/ -->\n<title>Socrates Oil - Die Olive, Oliven\u00f6l und wertvolle Artikel<\/title>\n<meta name=\"description\" content=\"Die Olive, das Oliven\u00f6l und wertvolle Artikel \u00fcber ihre wundersamen Eigenschaften. Lesen Sie wertvolle Tipps zu den wundersamen Eigenschaften von Oliven\u00f6l\" \/>\n<meta name=\"robots\" content=\"index, follow, max-snippet:-1, max-image-preview:large, max-video-preview:-1\" \/>\n<link rel=\"canonical\" href=\"https:\/\/socratesoil.gr\/de\/blog\/\" \/>\n<meta property=\"og:locale\" content=\"de_DE\" \/>\n<meta property=\"og:type\" content=\"article\" \/>\n<meta property=\"og:title\" content=\"Socrates Oil - Die Olive, Oliven\u00f6l und wertvolle Artikel\" \/>\n<meta property=\"og:description\" content=\"Die Olive, das Oliven\u00f6l und wertvolle Artikel \u00fcber ihre wundersamen Eigenschaften. Lesen Sie wertvolle Tipps zu den wundersamen Eigenschaften von Oliven\u00f6l\" \/>\n<meta property=\"og:url\" content=\"https:\/\/socratesoil.gr\/de\/blog\/\" \/>\n<meta property=\"og:site_name\" content=\"Socrates Oil\" \/>\n<meta property=\"article:modified_time\" content=\"2024-10-05T22:18:33+00:00\" \/>\n<meta name=\"twitter:card\" content=\"summary_large_image\" \/>\n<script type=\"application\/ld+json\" class=\"yoast-schema-graph\">{\"@context\":\"https:\/\/schema.org\",\"@graph\":[{\"@type\":\"WebPage\",\"@id\":\"https:\/\/socratesoil.gr\/de\/blog\/\",\"url\":\"https:\/\/socratesoil.gr\/de\/blog\/\",\"name\":\"Socrates Oil - Die Olive, Oliven\u00f6l und wertvolle Artikel\",\"isPartOf\":{\"@id\":\"https:\/\/socratesoil.gr\/de\/#website\"},\"datePublished\":\"2015-04-20T11:14:09+00:00\",\"dateModified\":\"2024-10-05T22:18:33+00:00\",\"description\":\"Die Olive, das Oliven\u00f6l und wertvolle Artikel \u00fcber ihre wundersamen Eigenschaften. Lesen Sie wertvolle Tipps zu den wundersamen Eigenschaften von Oliven\u00f6l\",\"breadcrumb\":{\"@id\":\"https:\/\/socratesoil.gr\/de\/blog\/#breadcrumb\"},\"inLanguage\":\"de\",\"potentialAction\":[{\"@type\":\"ReadAction\",\"target\":[\"https:\/\/socratesoil.gr\/de\/blog\/\"]}]},{\"@type\":\"BreadcrumbList\",\"@id\":\"https:\/\/socratesoil.gr\/de\/blog\/#breadcrumb\",\"itemListElement\":[{\"@type\":\"ListItem\",\"position\":1,\"name\":\"Home\",\"item\":\"https:\/\/socratesoil.gr\/de\/home\/\"},{\"@type\":\"ListItem\",\"position\":2,\"name\":\"Blog\"}]},{\"@type\":\"WebSite\",\"@id\":\"https:\/\/socratesoil.gr\/de\/#website\",\"url\":\"https:\/\/socratesoil.gr\/de\/\",\"name\":\"Socrates Oil\",\"description\":\"\u0395\u03be\u03b1\u03b9\u03c1\u03b5\u03c4\u03b9\u03ba\u03cc \u03c0\u03b1\u03c1\u03b8\u03ad\u03bd\u03bf \u03b5\u03bb\u03b1\u03b9\u03cc\u03bb\u03b1\u03b4\u03bf\",\"potentialAction\":[{\"@type\":\"SearchAction\",\"target\":{\"@type\":\"EntryPoint\",\"urlTemplate\":\"https:\/\/socratesoil.gr\/de\/?s={search_term_string}\"},\"query-input\":{\"@type\":\"PropertyValueSpecification\",\"valueRequired\":true,\"valueName\":\"search_term_string\"}}],\"inLanguage\":\"de\"}]}<\/script>\n<!-- \/ Yoast SEO plugin. -->","yoast_head_json":{"title":"Socrates Oil - Die Olive, Oliven\u00f6l und wertvolle Artikel","description":"Die Olive, das Oliven\u00f6l und wertvolle Artikel \u00fcber ihre wundersamen Eigenschaften. Lesen Sie wertvolle Tipps zu den wundersamen Eigenschaften von Oliven\u00f6l","robots":{"index":"index","follow":"follow","max-snippet":"max-snippet:-1","max-image-preview":"max-image-preview:large","max-video-preview":"max-video-preview:-1"},"canonical":"https:\/\/socratesoil.gr\/de\/blog\/","og_locale":"de_DE","og_type":"article","og_title":"Socrates Oil - Die Olive, Oliven\u00f6l und wertvolle Artikel","og_description":"Die Olive, das Oliven\u00f6l und wertvolle Artikel \u00fcber ihre wundersamen Eigenschaften. Lesen Sie wertvolle Tipps zu den wundersamen Eigenschaften von Oliven\u00f6l","og_url":"https:\/\/socratesoil.gr\/de\/blog\/","og_site_name":"Socrates Oil","article_modified_time":"2024-10-05T22:18:33+00:00","twitter_card":"summary_large_image","schema":{"@context":"https:\/\/schema.org","@graph":[{"@type":"WebPage","@id":"https:\/\/socratesoil.gr\/de\/blog\/","url":"https:\/\/socratesoil.gr\/de\/blog\/","name":"Socrates Oil - Die Olive, Oliven\u00f6l und wertvolle Artikel","isPartOf":{"@id":"https:\/\/socratesoil.gr\/de\/#website"},"datePublished":"2015-04-20T11:14:09+00:00","dateModified":"2024-10-05T22:18:33+00:00","description":"Die Olive, das Oliven\u00f6l und wertvolle Artikel \u00fcber ihre wundersamen Eigenschaften. Lesen Sie wertvolle Tipps zu den wundersamen Eigenschaften von Oliven\u00f6l","breadcrumb":{"@id":"https:\/\/socratesoil.gr\/de\/blog\/#breadcrumb"},"inLanguage":"de","potentialAction":[{"@type":"ReadAction","target":["https:\/\/socratesoil.gr\/de\/blog\/"]}]},{"@type":"BreadcrumbList","@id":"https:\/\/socratesoil.gr\/de\/blog\/#breadcrumb","itemListElement":[{"@type":"ListItem","position":1,"name":"Home","item":"https:\/\/socratesoil.gr\/de\/home\/"},{"@type":"ListItem","position":2,"name":"Blog"}]},{"@type":"WebSite","@id":"https:\/\/socratesoil.gr\/de\/#website","url":"https:\/\/socratesoil.gr\/de\/","name":"Socrates Oil","description":"\u0395\u03be\u03b1\u03b9\u03c1\u03b5\u03c4\u03b9\u03ba\u03cc \u03c0\u03b1\u03c1\u03b8\u03ad\u03bd\u03bf \u03b5\u03bb\u03b1\u03b9\u03cc\u03bb\u03b1\u03b4\u03bf","potentialAction":[{"@type":"SearchAction","target":{"@type":"EntryPoint","urlTemplate":"https:\/\/socratesoil.gr\/de\/?s={search_term_string}"},"query-input":{"@type":"PropertyValueSpecification","valueRequired":true,"valueName":"search_term_string"}}],"inLanguage":"de"}]}},"_links":{"self":[{"href":"https:\/\/socratesoil.gr\/de\/wp-json\/wp\/v2\/pages\/17592","targetHints":{"allow":["GET"]}}],"collection":[{"href":"https:\/\/socratesoil.gr\/de\/wp-json\/wp\/v2\/pages"}],"about":[{"href":"https:\/\/socratesoil.gr\/de\/wp-json\/wp\/v2\/types\/page"}],"author":[{"embeddable":true,"href":"https:\/\/socratesoil.gr\/de\/wp-json\/wp\/v2\/users\/1"}],"replies":[{"embeddable":true,"href":"https:\/\/socratesoil.gr\/de\/wp-json\/wp\/v2\/comments?post=17592"}],"version-history":[{"count":1,"href":"https:\/\/socratesoil.gr\/de\/wp-json\/wp\/v2\/pages\/17592\/revisions"}],"predecessor-version":[{"id":17593,"href":"https:\/\/socratesoil.gr\/de\/wp-json\/wp\/v2\/pages\/17592\/revisions\/17593"}],"wp:attachment":[{"href":"https:\/\/socratesoil.gr\/de\/wp-json\/wp\/v2\/media?parent=17592"}],"curies":[{"name":"wp","href":"https:\/\/api.w.org\/{rel}","templated":true}]}}